  {"id":39706,"date":"2020-08-05T19:44:23","date_gmt":"2020-08-06T02:44:23","guid":{"rendered":"https:\/\/www.jesuits.org\/?page_id=39706"},"modified":"2020-08-24T13:09:55","modified_gmt":"2020-08-24T20:09:55","slug":"ministeres","status":"publish","type":"page","link":"https:\/\/www.jesuits.org\/fr\/ministeres\/","title":{"rendered":"Minist\u00e8res"},"content":{"rendered":"\t\t<div data-elementor-type=\"wp-post\" data-elementor-id=\"39706\" class=\"elementor elementor-39706 elementor-24787\" data-elementor-post-type=\"page\">\n\t\t\t\t\t\t<section class=\"elementor-section elementor-top-section elementor-element elementor-element-fbb02f9 elementor-section-boxed elementor-section-height-default elementor-section-height-default\" data-id=\"fbb02f9\" data-element_type=\"section\" data-e-type=\"section\" data-settings=\"{&quot;background_background&quot;:&quot;classic&quot;,&quot;background_motion_fx_motion_fx_scrolling&quot;:&quot;yes&quot;,&quot;animation_mobile&quot;:&quot;none&quot;,&quot;jet_parallax_layout_list&quot;:[],&quot;background_motion_fx_devices&quot;:[&quot;desktop&quot;,&quot;tablet&quot;,&quot;mobile&quot;]}\">\n\t\t\t\t\t\t\t<div class=\"elementor-background-overlay\"><\/div>\n\t\t\t\t\t\t\t<div class=\"elementor-container elementor-column-gap-no\">\n\t\t\t\t\t<div class=\"elementor-column elementor-col-100 elementor-top-column elementor-element elementor-element-5740bf1\" data-id=\"5740bf1\" data-element_type=\"column\" data-e-type=\"column\" data-settings=\"{&quot;animation_mobile&quot;:&quot;none&quot;}\">\n\t\t\t<div class=\"elementor-widget-wrap elementor-element-populated\">\n\t\t\t\t\t\t<section class=\"elementor-section elementor-inner-section elementor-element elementor-element-8baf94f elementor-section-boxed elementor-section-height-default elementor-section-height-default\" data-id=\"8baf94f\" data-element_type=\"section\" data-e-type=\"section\" data-settings=\"{&quot;animation_mobile&quot;:&quot;none&quot;,&quot;jet_parallax_layout_list&quot;:[]}\">\n\t\t\t\t\t\t<div class=\"elementor-container elementor-column-gap-default\">\n\t\t\t\t\t<div class=\"elementor-column elementor-col-100 elementor-inner-column elementor-element elementor-element-1e3d906 animated-fast elementor-invisible\" data-id=\"1e3d906\" data-element_type=\"column\" data-e-type=\"column\" data-settings=\"{&quot;animation&quot;:&quot;fadeIn&quot;,&quot;animation_mobile&quot;:&quot;none&quot;,&quot;animation_delay&quot;:600}\">\n\t\t\t<div class=\"elementor-widget-wrap elementor-element-populated\">\n\t\t\t\t\t\t<div class=\"elementor-element elementor-element-b0e16a4 elementor-widget elementor-widget-heading\" data-id=\"b0e16a4\" data-element_type=\"widget\" data-e-type=\"widget\" data-widget_type=\"heading.default\">\n\t\t\t\t<div class=\"elementor-widget-container\">\n\t\t\t\t\t<h2 class=\"elementor-heading-title elementor-size-default\">Minist\u00e8res<\/h2>\t\t\t\t<\/div>\n\t\t\t\t<\/div>\n\t\t\t\t\t<\/div>\n\t\t<\/div>\n\t\t\t\t\t<\/div>\n\t\t<\/section>\n\t\t\t\t\t<\/div>\n\t\t<\/div>\n\t\t\t\t\t<\/div>\n\t\t<\/section>\n\t\t\t\t<section class=\"elementor-section elementor-top-section elementor-element elementor-element-9cfb267 elementor-section-boxed elementor-section-height-default elementor-section-height-default\" data-id=\"9cfb267\" data-element_type=\"section\" data-e-type=\"section\" data-settings=\"{&quot;background_background&quot;:&quot;classic&quot;,&quot;jet_parallax_layout_list&quot;:[]}\">\n\t\t\t\t\t\t<div class=\"elementor-container elementor-column-gap-no\">\n\t\t\t\t\t<div class=\"elementor-column elementor-col-100 elementor-top-column elementor-element elementor-element-4f2ef7b\" data-id=\"4f2ef7b\" data-element_type=\"column\" data-e-type=\"column\" data-settings=\"{&quot;background_background&quot;:&quot;classic&quot;}\">\n\t\t\t<div class=\"elementor-widget-wrap elementor-element-populated\">\n\t\t\t\t\t\t<section class=\"elementor-section elementor-inner-section elementor-element elementor-element-38330fd elementor-section-boxed elementor-section-height-default elementor-section-height-default\" data-id=\"38330fd\" data-element_type=\"section\" data-e-type=\"section\" data-settings=\"{&quot;jet_parallax_layout_list&quot;:[]}\">\n\t\t\t\t\t\t<div class=\"elementor-container elementor-column-gap-default\">\n\t\t\t\t\t<div class=\"elementor-column elementor-col-100 elementor-inner-column elementor-element elementor-element-5c77ea5 banner-text-red elementor-invisible\" data-id=\"5c77ea5\" data-element_type=\"column\" data-e-type=\"column\" data-settings=\"{&quot;animation&quot;:&quot;fadeIn&quot;,&quot;animation_delay&quot;:&quot;100&quot;,&quot;animation_mobile&quot;:&quot;none&quot;}\">\n\t\t\t<div class=\"elementor-widget-wrap elementor-element-populated\">\n\t\t\t\t\t\t<div class=\"elementor-element elementor-element-bf0659b elementor-widget elementor-widget-heading\" data-id=\"bf0659b\" data-element_type=\"widget\" data-e-type=\"widget\" data-settings=\"{&quot;_animation_mobile&quot;:&quot;none&quot;}\" data-widget_type=\"heading.default\">\n\t\t\t\t<div class=\"elementor-widget-container\">\n\t\t\t\t\t<h1 class=\"elementor-heading-title elementor-size-default\">Minist\u00e8res<\/h1>\t\t\t\t<\/div>\n\t\t\t\t<\/div>\n\t\t\t\t\t<\/div>\n\t\t<\/div>\n\t\t\t\t\t<\/div>\n\t\t<\/section>\n\t\t\t\t<section class=\"elementor-section elementor-inner-section elementor-element elementor-element-714ef32 elementor-section-boxed elementor-section-height-default elementor-section-height-default\" data-id=\"714ef32\" data-element_type=\"section\" data-e-type=\"section\" data-settings=\"{&quot;jet_parallax_layout_list&quot;:[]}\">\n\t\t\t\t\t\t<div class=\"elementor-container elementor-column-gap-default\">\n\t\t\t\t\t<div class=\"elementor-column elementor-col-100 elementor-inner-column elementor-element elementor-element-d858062\" data-id=\"d858062\" data-element_type=\"column\" data-e-type=\"column\">\n\t\t\t<div class=\"elementor-widget-wrap\">\n\t\t\t\t\t\t\t<\/div>\n\t\t<\/div>\n\t\t\t\t\t<\/div>\n\t\t<\/section>\n\t\t\t\t\t<\/div>\n\t\t<\/div>\n\t\t\t\t\t<\/div>\n\t\t<\/section>\n\t\t\t\t<\/div>\n\t\t","protected":false},"excerpt":{"rendered":"<p>Minist\u00e8res Minist\u00e8res CountryBelizeCanadaFederated States of MicronesiaItalyMexicoPhilippinesUnited States of America State\/ProvinceAlabamaAlaskaArizonaBritish ColumbiaCaliforniaChuukColoradoConnecticutFloridaGeorgiaIllinoisIndianaLouisianaMaineManitobaMarylandMassachusettsMichiganMinnesotaMissouriMontanaNebraskaNew JerseyNew MexicoNew YorkNewfoundland and LabradorNorth CarolinaOhioOntarioOregonPennsylvaniaPrince Edward IslandPuerto RicoQuebecSaskatchewanSouth DakotaTexasVirginiaWashingtonWashington DCWisconsinYap CategoryAdvocacyCommunity AssistanceEducation &#8211; Colleges &amp; UniversitiesEducation &#8211; Elementary SchoolsEducation &#8211; Middle &amp; High SchoolsPastoral MinistriesRetreat &amp; Spirituality MinistriesSocial JusticeYouth CLEAR FILTERS Saint Louis University St. Louis, MO The mission of Saint Louis University [&hellip;]<\/p>\n","protected":false},"author":3,"featured_media":0,"parent":0,"menu_order":0,"comment_status":"closed","ping_status":"open","template":"elementor_header_footer","meta":{"_acf_changed":false,"pmpro_default_level":"","_monsterinsights_skip_tracking":false,"_monsterinsights_sitenote_active":false,"_monsterinsights_sitenote_note":"","_monsterinsights_sitenote_category":0,"footnotes":"","_links_to":"","_links_to_target":""},"class_list":["post-39706","page","type-page","status-publish","hentry","pmpro-has-access"],"acf":[],"yoast_head":"<!-- This site is optimized with the Yoast SEO plugin v27.3 - https:\/\/yoast.com\/product\/yoast-seo-wordpress\/ -->\n<title>Minist\u00e8res - ÃÛÌÒÊÓÆµ.org<\/title>\n<meta name=\"robots\" content=\"index, follow, max-snippet:-1, max-image-preview:large, max-video-preview:-1\" \/>\n<link rel=\"canonical\" href=\"https:\/\/www.jesuits.org\/fr\/ministeres\/\" \/>\n<meta property=\"og:locale\" content=\"fr_FR\" \/>\n<meta property=\"og:type\" content=\"article\" \/>\n<meta property=\"og:title\" content=\"Minist\u00e8res - ÃÛÌÒÊÓÆµ.org\" \/>\n<meta property=\"og:description\" content=\"Minist\u00e8res Minist\u00e8res CountryBelizeCanadaFederated States of MicronesiaItalyMexicoPhilippinesUnited States of America State\/ProvinceAlabamaAlaskaArizonaBritish ColumbiaCaliforniaChuukColoradoConnecticutFloridaGeorgiaIllinoisIndianaLouisianaMaineManitobaMarylandMassachusettsMichiganMinnesotaMissouriMontanaNebraskaNew JerseyNew MexicoNew YorkNewfoundland and LabradorNorth CarolinaOhioOntarioOregonPennsylvaniaPrince Edward IslandPuerto RicoQuebecSaskatchewanSouth DakotaTexasVirginiaWashingtonWashington DCWisconsinYap CategoryAdvocacyCommunity AssistanceEducation &#8211; Colleges &amp; UniversitiesEducation &#8211; Elementary SchoolsEducation &#8211; Middle &amp; High SchoolsPastoral MinistriesRetreat &amp; Spirituality MinistriesSocial JusticeYouth CLEAR FILTERS Saint Louis University St. Louis, MO The mission of Saint Louis University [&hellip;]\" \/>\n<meta property=\"og:url\" content=\"https:\/\/www.jesuits.org\/fr\/ministeres\/\" \/>\n<meta property=\"og:site_name\" content=\"ÃÛÌÒÊÓÆµ.org\" \/>\n<meta property=\"article:modified_time\" content=\"2020-08-24T20:09:55+00:00\" \/>\n<meta name=\"twitter:card\" content=\"summary_large_image\" \/>\n<meta name=\"twitter:label1\" content=\"Dur\u00e9e de lecture estim\u00e9e\" \/>\n\t<meta name=\"twitter:data1\" content=\"3 minutes\" \/>\n<script type=\"application\/ld+json\" class=\"yoast-schema-graph\">{\"@context\":\"https:\\\/\\\/schema.org\",\"@graph\":[{\"@type\":\"WebPage\",\"@id\":\"https:\\\/\\\/www.jesuits.org\\\/fr\\\/ministeres\\\/\",\"url\":\"https:\\\/\\\/www.jesuits.org\\\/fr\\\/ministeres\\\/\",\"name\":\"Minist\u00e8res - ÃÛÌÒÊÓÆµ.org\",\"isPartOf\":{\"@id\":\"https:\\\/\\\/www.jesuits.org\\\/fr\\\/#website\"},\"datePublished\":\"2020-08-06T02:44:23+00:00\",\"dateModified\":\"2020-08-24T20:09:55+00:00\",\"breadcrumb\":{\"@id\":\"https:\\\/\\\/www.jesuits.org\\\/fr\\\/ministeres\\\/#breadcrumb\"},\"inLanguage\":\"fr-FR\",\"potentialAction\":[{\"@type\":\"ReadAction\",\"target\":[\"https:\\\/\\\/www.jesuits.org\\\/fr\\\/ministeres\\\/\"]}]},{\"@type\":\"BreadcrumbList\",\"@id\":\"https:\\\/\\\/www.jesuits.org\\\/fr\\\/ministeres\\\/#breadcrumb\",\"itemListElement\":[{\"@type\":\"ListItem\",\"position\":1,\"name\":\"Home\",\"item\":\"https:\\\/\\\/www.jesuits.org\\\/fr\\\/\"},{\"@type\":\"ListItem\",\"position\":2,\"name\":\"Minist\u00e8res\"}]},{\"@type\":\"WebSite\",\"@id\":\"https:\\\/\\\/www.jesuits.org\\\/fr\\\/#website\",\"url\":\"https:\\\/\\\/www.jesuits.org\\\/fr\\\/\",\"name\":\"ÃÛÌÒÊÓÆµ.org\",\"description\":\"Welcome to the Society of Jesus in Canada and the United States\",\"potentialAction\":[{\"@type\":\"SearchAction\",\"target\":{\"@type\":\"EntryPoint\",\"urlTemplate\":\"https:\\\/\\\/www.jesuits.org\\\/fr\\\/?s={search_term_string}\"},\"query-input\":{\"@type\":\"PropertyValueSpecification\",\"valueRequired\":true,\"valueName\":\"search_term_string\"}}],\"inLanguage\":\"fr-FR\"}]}<\/script>\n<!-- \/ Yoast SEO plugin. -->","yoast_head_json":{"title":"Minist\u00e8res - ÃÛÌÒÊÓÆµ.org","robots":{"index":"index","follow":"follow","max-snippet":"max-snippet:-1","max-image-preview":"max-image-preview:large","max-video-preview":"max-video-preview:-1"},"canonical":"https:\/\/www.jesuits.org\/fr\/ministeres\/","og_locale":"fr_FR","og_type":"article","og_title":"Minist\u00e8res - ÃÛÌÒÊÓÆµ.org","og_description":"Minist\u00e8res Minist\u00e8res CountryBelizeCanadaFederated States of MicronesiaItalyMexicoPhilippinesUnited States of America State\/ProvinceAlabamaAlaskaArizonaBritish ColumbiaCaliforniaChuukColoradoConnecticutFloridaGeorgiaIllinoisIndianaLouisianaMaineManitobaMarylandMassachusettsMichiganMinnesotaMissouriMontanaNebraskaNew JerseyNew MexicoNew YorkNewfoundland and LabradorNorth CarolinaOhioOntarioOregonPennsylvaniaPrince Edward IslandPuerto RicoQuebecSaskatchewanSouth DakotaTexasVirginiaWashingtonWashington DCWisconsinYap CategoryAdvocacyCommunity AssistanceEducation &#8211; Colleges &amp; UniversitiesEducation &#8211; Elementary SchoolsEducation &#8211; Middle &amp; High SchoolsPastoral MinistriesRetreat &amp; Spirituality MinistriesSocial JusticeYouth CLEAR FILTERS Saint Louis University St. Louis, MO The mission of Saint Louis University [&hellip;]","og_url":"https:\/\/www.jesuits.org\/fr\/ministeres\/","og_site_name":"ÃÛÌÒÊÓÆµ.org","article_modified_time":"2020-08-24T20:09:55+00:00","twitter_card":"summary_large_image","twitter_misc":{"Dur\u00e9e de lecture estim\u00e9e":"3 minutes"},"schema":{"@context":"https:\/\/schema.org","@graph":[{"@type":"WebPage","@id":"https:\/\/www.jesuits.org\/fr\/ministeres\/","url":"https:\/\/www.jesuits.org\/fr\/ministeres\/","name":"Minist\u00e8res - ÃÛÌÒÊÓÆµ.org","isPartOf":{"@id":"https:\/\/www.jesuits.org\/fr\/#website"},"datePublished":"2020-08-06T02:44:23+00:00","dateModified":"2020-08-24T20:09:55+00:00","breadcrumb":{"@id":"https:\/\/www.jesuits.org\/fr\/ministeres\/#breadcrumb"},"inLanguage":"fr-FR","potentialAction":[{"@type":"ReadAction","target":["https:\/\/www.jesuits.org\/fr\/ministeres\/"]}]},{"@type":"BreadcrumbList","@id":"https:\/\/www.jesuits.org\/fr\/ministeres\/#breadcrumb","itemListElement":[{"@type":"ListItem","position":1,"name":"Home","item":"https:\/\/www.jesuits.org\/fr\/"},{"@type":"ListItem","position":2,"name":"Minist\u00e8res"}]},{"@type":"WebSite","@id":"https:\/\/www.jesuits.org\/fr\/#website","url":"https:\/\/www.jesuits.org\/fr\/","name":"ÃÛÌÒÊÓÆµ.org","description":"Welcome to the Society of Jesus in Canada and the United States","potentialAction":[{"@type":"SearchAction","target":{"@type":"EntryPoint","urlTemplate":"https:\/\/www.jesuits.org\/fr\/?s={search_term_string}"},"query-input":{"@type":"PropertyValueSpecification","valueRequired":true,"valueName":"search_term_string"}}],"inLanguage":"fr-FR"}]}},"_links":{"self":[{"href":"https:\/\/www.jesuits.org\/fr\/wp-json\/wp\/v2\/pages\/39706","targetHints":{"allow":["GET"]}}],"collection":[{"href":"https:\/\/www.jesuits.org\/fr\/wp-json\/wp\/v2\/pages"}],"about":[{"href":"https:\/\/www.jesuits.org\/fr\/wp-json\/wp\/v2\/types\/page"}],"author":[{"embeddable":true,"href":"https:\/\/www.jesuits.org\/fr\/wp-json\/wp\/v2\/users\/3"}],"replies":[{"embeddable":true,"href":"https:\/\/www.jesuits.org\/fr\/wp-json\/wp\/v2\/comments?post=39706"}],"version-history":[{"count":0,"href":"https:\/\/www.jesuits.org\/fr\/wp-json\/wp\/v2\/pages\/39706\/revisions"}],"wp:attachment":[{"href":"https:\/\/www.jesuits.org\/fr\/wp-json\/wp\/v2\/media?parent=39706"}],"curies":[{"name":"wp","href":"https:\/\/api.w.org\/{rel}","templated":true}]}}