  {"id":19966,"date":"2019-12-06T14:26:54","date_gmt":"2019-12-06T22:26:54","guid":{"rendered":"https:\/\/www.jesuits.org\/a-propos-de-nous\/notre-vocation-universelle\/"},"modified":"2020-08-05T17:46:10","modified_gmt":"2020-08-06T00:46:10","slug":"les-jesuites-dans-le-monde-entier","status":"publish","type":"page","link":"https:\/\/www.jesuits.org\/fr\/a-propos-de-nous\/les-jesuites-dans-le-monde-entier\/","title":{"rendered":"Les j\u00e9suites dans le monde entier"},"content":{"rendered":"\t\t<div data-elementor-type=\"wp-post\" data-elementor-id=\"19966\" class=\"elementor elementor-19966 elementor-18578\" data-elementor-post-type=\"page\">\n\t\t\t\t\t\t<section class=\"elementor-section elementor-top-section elementor-element elementor-element-71c70451 elementor-section-boxed elementor-section-height-default elementor-section-height-default\" data-id=\"71c70451\" data-element_type=\"section\" data-e-type=\"section\" data-settings=\"{&quot;background_background&quot;:&quot;classic&quot;,&quot;background_motion_fx_motion_fx_scrolling&quot;:&quot;yes&quot;,&quot;animation_mobile&quot;:&quot;none&quot;,&quot;jet_parallax_layout_list&quot;:[],&quot;background_motion_fx_devices&quot;:[&quot;desktop&quot;,&quot;tablet&quot;,&quot;mobile&quot;]}\">\n\t\t\t\t\t\t\t<div class=\"elementor-background-overlay\"><\/div>\n\t\t\t\t\t\t\t<div class=\"elementor-container elementor-column-gap-no\">\n\t\t\t\t\t<div class=\"elementor-column elementor-col-100 elementor-top-column elementor-element elementor-element-3463cfd0\" data-id=\"3463cfd0\" data-element_type=\"column\" data-e-type=\"column\" data-settings=\"{&quot;animation_mobile&quot;:&quot;none&quot;}\">\n\t\t\t<div class=\"elementor-widget-wrap elementor-element-populated\">\n\t\t\t\t\t\t<section class=\"elementor-section elementor-inner-section elementor-element elementor-element-76146e01 elementor-section-boxed elementor-section-height-default elementor-section-height-default\" data-id=\"76146e01\" data-element_type=\"section\" data-e-type=\"section\" data-settings=\"{&quot;animation_mobile&quot;:&quot;none&quot;,&quot;jet_parallax_layout_list&quot;:[]}\">\n\t\t\t\t\t\t<div class=\"elementor-container elementor-column-gap-default\">\n\t\t\t\t\t<div class=\"elementor-column elementor-col-100 elementor-inner-column elementor-element elementor-element-6db14f2c animated-fast elementor-invisible\" data-id=\"6db14f2c\" data-element_type=\"column\" data-e-type=\"column\" data-settings=\"{&quot;animation&quot;:&quot;fadeIn&quot;,&quot;animation_mobile&quot;:&quot;none&quot;,&quot;animation_delay&quot;:600}\">\n\t\t\t<div class=\"elementor-widget-wrap elementor-element-populated\">\n\t\t\t\t\t\t<div class=\"elementor-element elementor-element-94fc930 elementor-widget elementor-widget-heading\" data-id=\"94fc930\" data-element_type=\"widget\" data-e-type=\"widget\" data-widget_type=\"heading.default\">\n\t\t\t\t<div class=\"elementor-widget-container\">\n\t\t\t\t\t<h2 class=\"elementor-heading-title elementor-size-default\">\u00c0 propos de nous<\/h2>\t\t\t\t<\/div>\n\t\t\t\t<\/div>\n\t\t\t\t\t<\/div>\n\t\t<\/div>\n\t\t\t\t\t<\/div>\n\t\t<\/section>\n\t\t\t\t\t<\/div>\n\t\t<\/div>\n\t\t\t\t\t<\/div>\n\t\t<\/section>\n\t\t\t\t<section class=\"elementor-section elementor-top-section elementor-element elementor-element-72268a4f elementor-section-boxed elementor-section-height-default elementor-section-height-default\" data-id=\"72268a4f\" data-element_type=\"section\" data-e-type=\"section\" data-settings=\"{&quot;background_background&quot;:&quot;classic&quot;,&quot;jet_parallax_layout_list&quot;:[]}\">\n\t\t\t\t\t\t\t<div class=\"elementor-background-overlay\"><\/div>\n\t\t\t\t\t\t\t<div class=\"elementor-container elementor-column-gap-no\">\n\t\t\t\t\t<div class=\"elementor-column elementor-col-50 elementor-top-column elementor-element elementor-element-a2ef86e\" data-id=\"a2ef86e\" data-element_type=\"column\" data-e-type=\"column\">\n\t\t\t<div class=\"elementor-widget-wrap elementor-element-populated\">\n\t\t\t\t\t\t<section class=\"elementor-section elementor-inner-section elementor-element elementor-element-a06f8a0 elementor-section-boxed elementor-section-height-default elementor-section-height-default\" data-id=\"a06f8a0\" data-element_type=\"section\" data-e-type=\"section\" data-settings=\"{&quot;jet_parallax_layout_list&quot;:[]}\">\n\t\t\t\t\t\t<div class=\"elementor-container elementor-column-gap-default\">\n\t\t\t\t\t<div class=\"elementor-column elementor-col-100 elementor-inner-column elementor-element elementor-element-f122d63 banner-text-red elementor-invisible\" data-id=\"f122d63\" data-element_type=\"column\" data-e-type=\"column\" data-settings=\"{&quot;animation&quot;:&quot;fadeIn&quot;,&quot;animation_delay&quot;:100,&quot;animation_mobile&quot;:&quot;none&quot;}\">\n\t\t\t<div class=\"elementor-widget-wrap elementor-element-populated\">\n\t\t\t\t\t\t<div class=\"elementor-element elementor-element-4bf6423 elementor-widget elementor-widget-heading\" data-id=\"4bf6423\" data-element_type=\"widget\" data-e-type=\"widget\" data-settings=\"{&quot;_animation_mobile&quot;:&quot;none&quot;}\" data-widget_type=\"heading.default\">\n\t\t\t\t<div class=\"elementor-widget-container\">\n\t\t\t\t\t<h1 class=\"elementor-heading-title elementor-size-default\">Les j\u00e9suites dans le monde entier<\/h1>\t\t\t\t<\/div>\n\t\t\t\t<\/div>\n\t\t\t\t\t<\/div>\n\t\t<\/div>\n\t\t\t\t\t<\/div>\n\t\t<\/section>\n\t\t\t\t<section class=\"elementor-section elementor-inner-section elementor-element elementor-element-3d9bfddb elementor-section-boxed elementor-section-height-default elementor-section-height-default\" data-id=\"3d9bfddb\" data-element_type=\"section\" data-e-type=\"section\" data-settings=\"{&quot;jet_parallax_layout_list&quot;:[]}\">\n\t\t\t\t\t\t<div class=\"elementor-container elementor-column-gap-default\">\n\t\t\t\t\t<div class=\"elementor-column elementor-col-100 elementor-inner-column elementor-element elementor-element-5de29c26\" data-id=\"5de29c26\" data-element_type=\"column\" data-e-type=\"column\">\n\t\t\t<div class=\"elementor-widget-wrap elementor-element-populated\">\n\t\t\t\t\t\t<div class=\"elementor-element elementor-element-3a1c6b23 elementor-widget elementor-widget-text-editor\" data-id=\"3a1c6b23\" data-element_type=\"widget\" data-e-type=\"widget\" data-widget_type=\"text-editor.default\">\n\t\t\t\t<div class=\"elementor-widget-container\">\n\t\t\t\t\t\t\t\t\t<h4>Notre vocation universelle<\/h4><div class=\"page_content-Caption\"><figure id=\"attachment_18877\" aria-describedby=\"caption-attachment-18877\" style=\"width: 222px\" class=\"wp-caption alignright\"><img fetchpriority=\"high\" decoding=\"async\" class=\"wp-image-18876 size-medium\" src=\"https:\/\/www.jesuits.org\/wp-content\/uploads\/sites\/10\/2019\/11\/USA_aboutus_Curia_0001-222x300.jpg\" alt=\"\" width=\"222\" height=\"300\" srcset=\"https:\/\/www.jesuits.org\/wp-content\/uploads\/2019\/11\/USA_aboutus_Curia_0001-222x300.jpg 222w, https:\/\/www.jesuits.org\/wp-content\/uploads\/2019\/11\/USA_aboutus_Curia_0001.jpg 427w\" sizes=\"(max-width: 222px) 100vw, 222px\" \/><figcaption id=\"caption-attachment-18877\" class=\"wp-caption-text\">La curie j\u00e9suite est situ\u00e9e \u00e0 Rome. On peut voir de loin le d\u00f4me de la basilique St-Pierre.<\/figcaption><\/figure><\/div><p>Bien que la plupart des gens rencontrent des j\u00e9suites \u00e0 l\u2019\u00e9chelle locale \u00e0 travers des \u00e9coles et d\u2019autres minist\u00e8res, la Compagnie de J\u00e9sus est en fait une communaut\u00e9 missionnaire \u2013 la plus nombreuse de l&rsquo;\u00c9glise catholique. Le fr\u00e8re Arturo Sosa S.J., Sup\u00e9rieur g\u00e9n\u00e9ral des j\u00e9suites, a dit :\u00a0 \u00ab Vous pouvez trouver des j\u00e9suites, de vrais j\u00e9suites, dans chaque r\u00e9gion, de chaque couleur, dans chaque activit\u00e9. Je pense que c&rsquo;est un signe de l&rsquo;\u00c9glise pour le monde. Ce qui nous unit tous dans notre diversit\u00e9, c&rsquo;est notre lien avec J\u00e9sus et l&rsquo;\u00c9vangile, et c&rsquo;est la source de la cr\u00e9ativit\u00e9 de la Compagnie et des personnes avec lesquelles nous partageons la mission. \u00bb<\/p><p>Les minist\u00e8res internationaux j\u00e9suites cherchent \u00e0 apporter et \u00e0 nourrir l&rsquo;espoir l\u00e0 o\u00f9 il est difficile \u00e0 trouver. Un exemple concret\u00a0: les camps de r\u00e9fugi\u00e9s o\u00f9 le Service j\u00e9suite des r\u00e9fugi\u00e9s (JRS) parraine des \u00e9coles pour les enfants qui passent souvent des ann\u00e9es dans ces environnements troubl\u00e9s, en plus d\u2019offrir de nombreux autres services. On trouve l\u2019espoir dans une myriade d\u2019\u0153uvres pour la justice, la paix et le soin de la cr\u00e9ation \u2013 les minist\u00e8res sociaux j\u00e9suites sont d\u00e9crits plus en d\u00e9tail ici. Il existe aussi principalement des minist\u00e8res spirituels assum\u00e9s par l\u2019ensemble de la Compagnie de J\u00e9sus.<\/p><p>Cela inclut notamment l&rsquo;apostolat de la pri\u00e8re, qui consiste essentiellement en un groupe de pri\u00e8res offrant leurs pri\u00e8res quotidiennes en ligne. Cet apostolat a \u00e9t\u00e9 appel\u00e9 \u00ab Le groupe des pri\u00e8res du Pape \u00bb, parce qu\u2019il fait \u00e9galement circuler les intentions personnelles du souverain pontife \u2013 au nom des vocations \u00e0 la pr\u00eatrise par exemple ou pour le respect mutuel entre les religions du monde. Les Communaut\u00e9s de Vie Chr\u00e9tienne constituent autre minist\u00e8re spirituel; il s\u2019agit d\u2019une association la\u00efque parrain\u00e9e par des j\u00e9suites qui favorise la naissance de petits groupes de partage de la foi dans pr\u00e8s de 60 pays.<\/p><p>Un minist\u00e8re moins typique est l&rsquo;Observatoire du Vatican, l&rsquo;une des plus anciennes institutions de recherche astronomique au monde. Il est dirig\u00e9 par des astronomes j\u00e9suites qui regardent \u00e0 travers leurs t\u00e9lescopes \u00e0 Tucson, en Arizona, et \u00e0 Castel Gandolfo, la r\u00e9sidence d&rsquo;\u00e9t\u00e9 du Pape.<\/p><p><strong>\u00c9duquer les dirigeants de l\u2019\u00e9glise<\/strong><br \/>De plus, la Compagnie de J\u00e9sus assume des responsabilit\u00e9s cruciales \u00e0 Rome au nom de l\u2019\u00c9glise universelle. L&rsquo;\u00e9ducation et la formation des futurs dirigeants de l&rsquo;\u00c9glise en sont des \u00e9l\u00e9ments particuli\u00e8rement importants.<\/p><p>Les j\u00e9suites r\u00e9pondent \u00e0 cette responsabilit\u00e9 via plusieurs d&rsquo;institutions, dont l&rsquo;Universit\u00e9 pontificale gr\u00e9gorienne, l&rsquo;Institut biblique pontifical et les Instituts pontificaux orientaux. Ces trois institutions accueillent maintenant plus de 3\u00a0500 \u00e9tudiants provenant de 120 pays r\u00e9partis sur six continents. Les \u00e9tudiants se pr\u00e9parent au service en tant que pr\u00eatres, religieux ou religieuse ou en tant que la\u00efcs. Ils ont un impact important sur l&rsquo;\u00c9glise\u00a0: un quart des \u00e9v\u00eaques actuels et la moiti\u00e9 des cardinaux qui ont vot\u00e9 lors du dernier conclave papal sont des dipl\u00f4m\u00e9s de l\u2019une de ces institutions.<\/p><p>Les j\u00e9suites canadiens et am\u00e9ricains sont activement engag\u00e9s dans tous les minist\u00e8res internationaux. Leur province ou juridiction r\u00e9gionale assume la responsabilit\u00e9 du minist\u00e8re dans les r\u00e9gions qui ne sont actuellement pas desservies par une province j\u00e9suite \u00e0 l&rsquo;\u00e9tranger. Les provinces canadiennes et am\u00e9ricaines \u00e9tablissent \u00e9galement des partenariats avec leurs homologues provinciaux, surtout dans les pays en d\u00e9veloppement, et ce dans l&rsquo;ensemble des minist\u00e8res; on y r\u00e9f\u00e8re souvent comme \u00e9tant des \u00ab relations de jumelage \u00bb.<\/p><div><p><img decoding=\"async\" class=\"alignnone size-full wp-image-18879\" src=\"https:\/\/www.jesuits.org\/wp-content\/uploads\/sites\/10\/2019\/11\/World_Map_Jesuit_v02.png\" alt=\"\" width=\"1024\" height=\"509\" srcset=\"https:\/\/www.jesuits.org\/wp-content\/uploads\/2019\/11\/World_Map_Jesuit_v02.png 1024w, https:\/\/www.jesuits.org\/wp-content\/uploads\/2019\/11\/World_Map_Jesuit_v02-300x149.png 300w, https:\/\/www.jesuits.org\/wp-content\/uploads\/2019\/11\/World_Map_Jesuit_v02-768x382.png 768w\" sizes=\"(max-width: 1024px) 100vw, 1024px\" \/><\/p><\/div>\t\t\t\t\t\t\t\t<\/div>\n\t\t\t\t<\/div>\n\t\t\t\t\t<\/div>\n\t\t<\/div>\n\t\t\t\t\t<\/div>\n\t\t<\/section>\n\t\t\t\t\t<\/div>\n\t\t<\/div>\n\t\t\t\t<div class=\"elementor-column elementor-col-50 elementor-top-column elementor-element elementor-element-3d46f206\" data-id=\"3d46f206\" data-element_type=\"column\" data-e-type=\"column\">\n\t\t\t<div class=\"elementor-widget-wrap\">\n\t\t\t\t\t\t\t<\/div>\n\t\t<\/div>\n\t\t\t\t\t<\/div>\n\t\t<\/section>\n\t\t\t\t<\/div>\n\t\t","protected":false},"excerpt":{"rendered":"<p>\u00c0 propos de nous Les j\u00e9suites dans le monde entier Notre vocation universelle Bien que la plupart des gens rencontrent des j\u00e9suites \u00e0 l\u2019\u00e9chelle locale \u00e0 travers des \u00e9coles et d\u2019autres minist\u00e8res, la Compagnie de J\u00e9sus est en fait une communaut\u00e9 missionnaire \u2013 la plus nombreuse de l&rsquo;\u00c9glise catholique. Le fr\u00e8re Arturo Sosa S.J., Sup\u00e9rieur [&hellip;]<\/p>\n","protected":false},"author":5,"featured_media":0,"parent":19896,"menu_order":70,"comment_status":"closed","ping_status":"closed","template":"elementor_header_footer","meta":{"_acf_changed":false,"pmpro_default_level":"","_monsterinsights_skip_tracking":false,"_monsterinsights_sitenote_active":false,"_monsterinsights_sitenote_note":"","_monsterinsights_sitenote_category":0,"footnotes":"","_links_to":"","_links_to_target":""},"class_list":["post-19966","page","type-page","status-publish","hentry","pmpro-has-access"],"acf":[],"yoast_head":"<!-- This site is optimized with the Yoast SEO plugin v27.3 - https:\/\/yoast.com\/product\/yoast-seo-wordpress\/ -->\n<title>Les j\u00e9suites dans le monde entier - ÃÛÌÒÊÓÆµ.org<\/title>\n<meta name=\"robots\" content=\"index, follow, max-snippet:-1, max-image-preview:large, max-video-preview:-1\" \/>\n<link rel=\"canonical\" href=\"https:\/\/www.jesuits.org\/fr\/a-propos-de-nous\/les-jesuites-dans-le-monde-entier\/\" \/>\n<meta property=\"og:locale\" content=\"fr_FR\" \/>\n<meta property=\"og:type\" content=\"article\" \/>\n<meta property=\"og:title\" content=\"Les j\u00e9suites dans le monde entier - ÃÛÌÒÊÓÆµ.org\" \/>\n<meta property=\"og:description\" content=\"\u00c0 propos de nous Les j\u00e9suites dans le monde entier Notre vocation universelle Bien que la plupart des gens rencontrent des j\u00e9suites \u00e0 l\u2019\u00e9chelle locale \u00e0 travers des \u00e9coles et d\u2019autres minist\u00e8res, la Compagnie de J\u00e9sus est en fait une communaut\u00e9 missionnaire \u2013 la plus nombreuse de l&rsquo;\u00c9glise catholique. Le fr\u00e8re Arturo Sosa S.J., Sup\u00e9rieur [&hellip;]\" \/>\n<meta property=\"og:url\" content=\"https:\/\/www.jesuits.org\/fr\/a-propos-de-nous\/les-jesuites-dans-le-monde-entier\/\" \/>\n<meta property=\"og:site_name\" content=\"ÃÛÌÒÊÓÆµ.org\" \/>\n<meta property=\"article:modified_time\" content=\"2020-08-06T00:46:10+00:00\" \/>\n<meta property=\"og:image\" content=\"https:\/\/www.jesuits.org\/wp-content\/uploads\/sites\/10\/2019\/11\/USA_aboutus_Curia_0001-222x300.jpg\" \/>\n<meta name=\"twitter:card\" content=\"summary_large_image\" \/>\n<meta name=\"twitter:label1\" content=\"Dur\u00e9e de lecture estim\u00e9e\" \/>\n\t<meta name=\"twitter:data1\" content=\"4 minutes\" \/>\n<script type=\"application\/ld+json\" class=\"yoast-schema-graph\">{\"@context\":\"https:\\\/\\\/schema.org\",\"@graph\":[{\"@type\":\"WebPage\",\"@id\":\"https:\\\/\\\/www.jesuits.org\\\/fr\\\/a-propos-de-nous\\\/les-jesuites-dans-le-monde-entier\\\/\",\"url\":\"https:\\\/\\\/www.jesuits.org\\\/fr\\\/a-propos-de-nous\\\/les-jesuites-dans-le-monde-entier\\\/\",\"name\":\"Les j\u00e9suites dans le monde entier - ÃÛÌÒÊÓÆµ.org\",\"isPartOf\":{\"@id\":\"https:\\\/\\\/www.jesuits.org\\\/fr\\\/#website\"},\"primaryImageOfPage\":{\"@id\":\"https:\\\/\\\/www.jesuits.org\\\/fr\\\/a-propos-de-nous\\\/les-jesuites-dans-le-monde-entier\\\/#primaryimage\"},\"image\":{\"@id\":\"https:\\\/\\\/www.jesuits.org\\\/fr\\\/a-propos-de-nous\\\/les-jesuites-dans-le-monde-entier\\\/#primaryimage\"},\"thumbnailUrl\":\"https:\\\/\\\/www.jesuits.org\\\/wp-content\\\/uploads\\\/sites\\\/10\\\/2019\\\/11\\\/USA_aboutus_Curia_0001-222x300.jpg\",\"datePublished\":\"2019-12-06T22:26:54+00:00\",\"dateModified\":\"2020-08-06T00:46:10+00:00\",\"breadcrumb\":{\"@id\":\"https:\\\/\\\/www.jesuits.org\\\/fr\\\/a-propos-de-nous\\\/les-jesuites-dans-le-monde-entier\\\/#breadcrumb\"},\"inLanguage\":\"fr-FR\",\"potentialAction\":[{\"@type\":\"ReadAction\",\"target\":[\"https:\\\/\\\/www.jesuits.org\\\/fr\\\/a-propos-de-nous\\\/les-jesuites-dans-le-monde-entier\\\/\"]}]},{\"@type\":\"ImageObject\",\"inLanguage\":\"fr-FR\",\"@id\":\"https:\\\/\\\/www.jesuits.org\\\/fr\\\/a-propos-de-nous\\\/les-jesuites-dans-le-monde-entier\\\/#primaryimage\",\"url\":\"https:\\\/\\\/www.jesuits.org\\\/wp-content\\\/uploads\\\/sites\\\/10\\\/2019\\\/11\\\/USA_aboutus_Curia_0001-222x300.jpg\",\"contentUrl\":\"https:\\\/\\\/www.jesuits.org\\\/wp-content\\\/uploads\\\/sites\\\/10\\\/2019\\\/11\\\/USA_aboutus_Curia_0001-222x300.jpg\"},{\"@type\":\"BreadcrumbList\",\"@id\":\"https:\\\/\\\/www.jesuits.org\\\/fr\\\/a-propos-de-nous\\\/les-jesuites-dans-le-monde-entier\\\/#breadcrumb\",\"itemListElement\":[{\"@type\":\"ListItem\",\"position\":1,\"name\":\"Home\",\"item\":\"https:\\\/\\\/www.jesuits.org\\\/fr\\\/\"},{\"@type\":\"ListItem\",\"position\":2,\"name\":\"\u00c0 propos de nous\",\"item\":\"https:\\\/\\\/www.jesuits.org\\\/fr\\\/a-propos-de-nous\\\/\"},{\"@type\":\"ListItem\",\"position\":3,\"name\":\"Les j\u00e9suites dans le monde entier\"}]},{\"@type\":\"WebSite\",\"@id\":\"https:\\\/\\\/www.jesuits.org\\\/fr\\\/#website\",\"url\":\"https:\\\/\\\/www.jesuits.org\\\/fr\\\/\",\"name\":\"ÃÛÌÒÊÓÆµ.org\",\"description\":\"Welcome to the Society of Jesus in Canada and the United States\",\"potentialAction\":[{\"@type\":\"SearchAction\",\"target\":{\"@type\":\"EntryPoint\",\"urlTemplate\":\"https:\\\/\\\/www.jesuits.org\\\/fr\\\/?s={search_term_string}\"},\"query-input\":{\"@type\":\"PropertyValueSpecification\",\"valueRequired\":true,\"valueName\":\"search_term_string\"}}],\"inLanguage\":\"fr-FR\"}]}<\/script>\n<!-- \/ Yoast SEO plugin. -->","yoast_head_json":{"title":"Les j\u00e9suites dans le monde entier - ÃÛÌÒÊÓÆµ.org","robots":{"index":"index","follow":"follow","max-snippet":"max-snippet:-1","max-image-preview":"max-image-preview:large","max-video-preview":"max-video-preview:-1"},"canonical":"https:\/\/www.jesuits.org\/fr\/a-propos-de-nous\/les-jesuites-dans-le-monde-entier\/","og_locale":"fr_FR","og_type":"article","og_title":"Les j\u00e9suites dans le monde entier - ÃÛÌÒÊÓÆµ.org","og_description":"\u00c0 propos de nous Les j\u00e9suites dans le monde entier Notre vocation universelle Bien que la plupart des gens rencontrent des j\u00e9suites \u00e0 l\u2019\u00e9chelle locale \u00e0 travers des \u00e9coles et d\u2019autres minist\u00e8res, la Compagnie de J\u00e9sus est en fait une communaut\u00e9 missionnaire \u2013 la plus nombreuse de l&rsquo;\u00c9glise catholique. Le fr\u00e8re Arturo Sosa S.J., Sup\u00e9rieur [&hellip;]","og_url":"https:\/\/www.jesuits.org\/fr\/a-propos-de-nous\/les-jesuites-dans-le-monde-entier\/","og_site_name":"ÃÛÌÒÊÓÆµ.org","article_modified_time":"2020-08-06T00:46:10+00:00","og_image":[{"url":"https:\/\/www.jesuits.org\/wp-content\/uploads\/sites\/10\/2019\/11\/USA_aboutus_Curia_0001-222x300.jpg","type":"","width":"","height":""}],"twitter_card":"summary_large_image","twitter_misc":{"Dur\u00e9e de lecture estim\u00e9e":"4 minutes"},"schema":{"@context":"https:\/\/schema.org","@graph":[{"@type":"WebPage","@id":"https:\/\/www.jesuits.org\/fr\/a-propos-de-nous\/les-jesuites-dans-le-monde-entier\/","url":"https:\/\/www.jesuits.org\/fr\/a-propos-de-nous\/les-jesuites-dans-le-monde-entier\/","name":"Les j\u00e9suites dans le monde entier - ÃÛÌÒÊÓÆµ.org","isPartOf":{"@id":"https:\/\/www.jesuits.org\/fr\/#website"},"primaryImageOfPage":{"@id":"https:\/\/www.jesuits.org\/fr\/a-propos-de-nous\/les-jesuites-dans-le-monde-entier\/#primaryimage"},"image":{"@id":"https:\/\/www.jesuits.org\/fr\/a-propos-de-nous\/les-jesuites-dans-le-monde-entier\/#primaryimage"},"thumbnailUrl":"https:\/\/www.jesuits.org\/wp-content\/uploads\/sites\/10\/2019\/11\/USA_aboutus_Curia_0001-222x300.jpg","datePublished":"2019-12-06T22:26:54+00:00","dateModified":"2020-08-06T00:46:10+00:00","breadcrumb":{"@id":"https:\/\/www.jesuits.org\/fr\/a-propos-de-nous\/les-jesuites-dans-le-monde-entier\/#breadcrumb"},"inLanguage":"fr-FR","potentialAction":[{"@type":"ReadAction","target":["https:\/\/www.jesuits.org\/fr\/a-propos-de-nous\/les-jesuites-dans-le-monde-entier\/"]}]},{"@type":"ImageObject","inLanguage":"fr-FR","@id":"https:\/\/www.jesuits.org\/fr\/a-propos-de-nous\/les-jesuites-dans-le-monde-entier\/#primaryimage","url":"https:\/\/www.jesuits.org\/wp-content\/uploads\/sites\/10\/2019\/11\/USA_aboutus_Curia_0001-222x300.jpg","contentUrl":"https:\/\/www.jesuits.org\/wp-content\/uploads\/sites\/10\/2019\/11\/USA_aboutus_Curia_0001-222x300.jpg"},{"@type":"BreadcrumbList","@id":"https:\/\/www.jesuits.org\/fr\/a-propos-de-nous\/les-jesuites-dans-le-monde-entier\/#breadcrumb","itemListElement":[{"@type":"ListItem","position":1,"name":"Home","item":"https:\/\/www.jesuits.org\/fr\/"},{"@type":"ListItem","position":2,"name":"\u00c0 propos de nous","item":"https:\/\/www.jesuits.org\/fr\/a-propos-de-nous\/"},{"@type":"ListItem","position":3,"name":"Les j\u00e9suites dans le monde entier"}]},{"@type":"WebSite","@id":"https:\/\/www.jesuits.org\/fr\/#website","url":"https:\/\/www.jesuits.org\/fr\/","name":"ÃÛÌÒÊÓÆµ.org","description":"Welcome to the Society of Jesus in Canada and the United States","potentialAction":[{"@type":"SearchAction","target":{"@type":"EntryPoint","urlTemplate":"https:\/\/www.jesuits.org\/fr\/?s={search_term_string}"},"query-input":{"@type":"PropertyValueSpecification","valueRequired":true,"valueName":"search_term_string"}}],"inLanguage":"fr-FR"}]}},"_links":{"self":[{"href":"https:\/\/www.jesuits.org\/fr\/wp-json\/wp\/v2\/pages\/19966","targetHints":{"allow":["GET"]}}],"collection":[{"href":"https:\/\/www.jesuits.org\/fr\/wp-json\/wp\/v2\/pages"}],"about":[{"href":"https:\/\/www.jesuits.org\/fr\/wp-json\/wp\/v2\/types\/page"}],"author":[{"embeddable":true,"href":"https:\/\/www.jesuits.org\/fr\/wp-json\/wp\/v2\/users\/5"}],"replies":[{"embeddable":true,"href":"https:\/\/www.jesuits.org\/fr\/wp-json\/wp\/v2\/comments?post=19966"}],"version-history":[{"count":0,"href":"https:\/\/www.jesuits.org\/fr\/wp-json\/wp\/v2\/pages\/19966\/revisions"}],"up":[{"embeddable":true,"href":"https:\/\/www.jesuits.org\/fr\/wp-json\/wp\/v2\/pages\/19896"}],"wp:attachment":[{"href":"https:\/\/www.jesuits.org\/fr\/wp-json\/wp\/v2\/media?parent=19966"}],"curies":[{"name":"wp","href":"https:\/\/api.w.org\/{rel}","templated":true}]}}