  {"id":34202,"date":"2020-06-23T09:42:25","date_gmt":"2020-06-23T16:42:25","guid":{"rendered":"https:\/\/www.jesuits.org\/nosotros\/ignatius-of-loyola\/"},"modified":"2024-08-13T07:50:36","modified_gmt":"2024-08-13T14:50:36","slug":"ignacio-de-loyola","status":"publish","type":"page","link":"https:\/\/www.jesuits.org\/es\/acerca-de-nosotros\/ignacio-de-loyola\/","title":{"rendered":"Nuestro fundador, nuestra historia"},"content":{"rendered":"\t\t<div data-elementor-type=\"wp-post\" data-elementor-id=\"34202\" class=\"elementor elementor-34202 elementor-18741\" data-elementor-post-type=\"page\">\n\t\t\t\t<div class=\"elementor-element elementor-element-6103ef8 e-flex e-con-boxed e-con e-parent\" data-id=\"6103ef8\" data-element_type=\"container\" data-e-type=\"container\" data-settings=\"{&quot;jet_parallax_layout_list&quot;:[]}\">\n\t\t\t\t\t<div class=\"e-con-inner\">\n\t\t\t\t<div class=\"elementor-element elementor-element-fce5323 elementor-widget elementor-widget-heading\" data-id=\"fce5323\" data-element_type=\"widget\" data-e-type=\"widget\" data-widget_type=\"heading.default\">\n\t\t\t\t<div class=\"elementor-widget-container\">\n\t\t\t\t\t<h2 class=\"elementor-heading-title elementor-size-default\">Ignacio de Loyola <\/h2>\t\t\t\t<\/div>\n\t\t\t\t<\/div>\n\t\t\t\t<div class=\"elementor-element elementor-element-3532b08 elementor-widget elementor-widget-text-editor\" data-id=\"3532b08\" data-element_type=\"widget\" data-e-type=\"widget\" data-widget_type=\"text-editor.default\">\n\t\t\t\t<div class=\"elementor-widget-container\">\n\t\t\t\t\t\t\t\t\t<p style=\"font-size: 16px; font-style: normal; font-weight: 400;\"><img fetchpriority=\"high\" decoding=\"async\" class=\"alignright wp-image-14806 size-medium\" src=\"https:\/\/www.jesuits.org\/wp-content\/uploads\/2019\/11\/News-Video-Jesuit-Fr-Vinny-Marchionni-Reflects-on-St-Ignatius-Loyola-on-His-Feast-Day-147ignatius-300x208.png\" alt=\"\" width=\"300\" height=\"208\" srcset=\"https:\/\/www.jesuits.org\/wp-content\/uploads\/2019\/11\/News-Video-Jesuit-Fr-Vinny-Marchionni-Reflects-on-St-Ignatius-Loyola-on-His-Feast-Day-147ignatius-300x208.png 300w, https:\/\/www.jesuits.org\/wp-content\/uploads\/2019\/11\/News-Video-Jesuit-Fr-Vinny-Marchionni-Reflects-on-St-Ignatius-Loyola-on-His-Feast-Day-147ignatius-768x531.png 768w, https:\/\/www.jesuits.org\/wp-content\/uploads\/2019\/11\/News-Video-Jesuit-Fr-Vinny-Marchionni-Reflects-on-St-Ignatius-Loyola-on-His-Feast-Day-147ignatius-1024x709.png 1024w, https:\/\/www.jesuits.org\/wp-content\/uploads\/2019\/11\/News-Video-Jesuit-Fr-Vinny-Marchionni-Reflects-on-St-Ignatius-Loyola-on-His-Feast-Day-147ignatius.png 1042w\" sizes=\"(max-width: 300px) 100vw, 300px\" \/><\/p><p><span data-contrast=\"auto\">I\u00f1igo L\u00f3pez de Loyola -m\u00e1s conocido como San Ignacio de Loyola- naci\u00f3 en 1491 en la regi\u00f3n vasca de Espa\u00f1a en el seno de una peque\u00f1a nobleza. Ignacio, el m\u00e1s joven de trece hermanos, pas\u00f3 sus a\u00f1os de formaci\u00f3n lejos de Loyola, en la corte del reino de Castilla, como paje del tesorero. Se pasaba el d\u00eda cortejando mujeres, pele\u00e1ndose y jugando.<\/span><span data-ccp-props=\"{&quot;134245417&quot;:false,&quot;201341983&quot;:0,&quot;335559685&quot;:0,&quot;335559739&quot;:0,&quot;335559740&quot;:240}\">\u00a0<\/span><\/p><p><span data-contrast=\"auto\">Pronto encontr\u00f3 su camino en el ej\u00e9rcito y en el campo de batalla. El 20 de mayo de 1521, en la batalla de Pamplona, Ignacio y sus compa\u00f1eros se negaron a rendirse a las fuerzas francesas que eran superiores y hab\u00edan sitiado el castillo. Como consecuencia, Ignacio result\u00f3 gravemente herido; una bala de ca\u00f1\u00f3n le destroz\u00f3 una pierna.<\/span><span data-ccp-props=\"{&quot;134245417&quot;:false,&quot;201341983&quot;:0,&quot;335559685&quot;:0,&quot;335559739&quot;:0,&quot;335559740&quot;:240}\">\u00a0<\/span><\/p><p><span data-contrast=\"auto\">Estuvo la mayor parte del a\u00f1o siguiente postrado en cama, recuper\u00e1ndose en su casa de Loyola. Para pasar el tiempo, pidi\u00f3 libros sobre caballeros y batallas, pero en su lugar le trajeron un volumen sobre la vida de Cristo y otro sobre los santos. Mientras le\u00eda, empez\u00f3 a darse cuenta de algo: sus viejos sue\u00f1os de ganar guerras y cortejar mujeres le estaban dejando vac\u00edo. Pero al imaginarse viviendo una vida para Cristo, empez\u00f3 a sentirse lleno de energ\u00eda. Estaba experimentando desolaci\u00f3n y consuelo. Esta fue su introducci\u00f3n al discernimiento de esp\u00edritus. Entonces decidi\u00f3 cambiar el rumbo de su vida; decidi\u00f3 entregarse a Dios.<\/span><span data-ccp-props=\"{&quot;134245417&quot;:false,&quot;201341983&quot;:0,&quot;335559685&quot;:0,&quot;335559739&quot;:0,&quot;335559740&quot;:240}\">\u00a0<\/span><\/p><p><span data-contrast=\"auto\">En 1522, curado de sus heridas, emprendi\u00f3 una peregrinaci\u00f3n. Deposit\u00f3 su espada a los pies de Nuestra Se\u00f1ora de Montserrat y regal\u00f3 sus ropas finas a un necesitado: fueron los \u00faltimos vestigios de su antigua vida. Despu\u00e9s se instal\u00f3 en una cueva a las afueras de Manresa. Pas\u00f3 casi un a\u00f1o sirviendo a los vulnerables y escribiendo sobre sus propias experiencias de oraci\u00f3n, lo que con el tiempo se convertir\u00eda en los Ejercicios Espirituales, un retiro guiado que seguimos utilizando hasta hoy.<\/span><span data-ccp-props=\"{&quot;134245417&quot;:false,&quot;201341983&quot;:0,&quot;335559685&quot;:0,&quot;335559739&quot;:0,&quot;335559740&quot;:240}\">\u00a0<\/span><\/p><p><span data-contrast=\"auto\">Ignacio so\u00f1aba con servir en Tierra Santa, pero los franciscanos se lo negaron debido a la inestable situaci\u00f3n pol\u00edtica de la \u00e9poca. As\u00ed que finalmente encontr\u00f3 el camino a Par\u00eds, donde estudiar\u00eda para hacerse sacerdote y poder guiar mejor a la gente en el camino espiritual.<\/span><span data-ccp-props=\"{&quot;134245417&quot;:false,&quot;201341983&quot;:0,&quot;335559685&quot;:0,&quot;335559739&quot;:0,&quot;335559740&quot;:240}\">\u00a0<\/span><\/p><p><span data-contrast=\"auto\">Durante su estancia en Par\u00eds, Ignacio conoci\u00f3 a Francisco Javier y a Pedro Fabro. Les introdujo en los Ejercicios Espirituales, y los tres se hicieron buenos amigos. En 1534, junto con otros cuatro compa\u00f1eros, hicieron votos de pobreza, castidad y obediencia, formando lo que ser\u00edan los jesuitas. El 27 de septiembre de 1540, el Papa Paulo III reconoci\u00f3 oficialmente a la Compa\u00f1\u00eda de Jes\u00fas como orden religiosa, con Ignacio como su primer Padre General.<\/span><span data-ccp-props=\"{&quot;134245417&quot;:false,&quot;201341983&quot;:0,&quot;335559685&quot;:0,&quot;335559739&quot;:0,&quot;335559740&quot;:240}\">\u00a0<\/span><\/p>\t\t\t\t\t\t\t\t<\/div>\n\t\t\t\t<\/div>\n\t\t\t\t<div class=\"elementor-element elementor-element-321d1bb elementor-widget elementor-widget-heading\" data-id=\"321d1bb\" data-element_type=\"widget\" data-e-type=\"widget\" data-widget_type=\"heading.default\">\n\t\t\t\t<div class=\"elementor-widget-container\">\n\t\t\t\t\t<h2 class=\"elementor-heading-title elementor-size-default\">Los Primeros Compa\u00f1eros: \u00cdcono contemplativo, de Julius Spradley <\/h2>\t\t\t\t<\/div>\n\t\t\t\t<\/div>\n\t\t\t\t<div class=\"elementor-element elementor-element-71d5918 elementor-widget elementor-widget-image\" data-id=\"71d5918\" data-element_type=\"widget\" data-e-type=\"widget\" data-widget_type=\"image.default\">\n\t\t\t\t<div class=\"elementor-widget-container\">\n\t\t\t\t\t\t\t\t\t\t\t\t\t\t\t<img decoding=\"async\" width=\"683\" height=\"1024\" src=\"https:\/\/www.jesuits.org\/wp-content\/uploads\/2024\/07\/icon-scaled-1-683x1024.jpg\" class=\"attachment-large size-large wp-image-109767\" alt=\"\" srcset=\"https:\/\/www.jesuits.org\/wp-content\/uploads\/2024\/07\/icon-scaled-1-683x1024.jpg 683w, https:\/\/www.jesuits.org\/wp-content\/uploads\/2024\/07\/icon-scaled-1-200x300.jpg 200w, https:\/\/www.jesuits.org\/wp-content\/uploads\/2024\/07\/icon-scaled-1-768x1152.jpg 768w, https:\/\/www.jesuits.org\/wp-content\/uploads\/2024\/07\/icon-scaled-1-1024x1536.jpg 1024w, https:\/\/www.jesuits.org\/wp-content\/uploads\/2024\/07\/icon-scaled-1-1366x2048.jpg 1366w, https:\/\/www.jesuits.org\/wp-content\/uploads\/2024\/07\/icon-scaled-1.jpg 1707w\" sizes=\"(max-width: 683px) 100vw, 683px\" \/>\t\t\t\t\t\t\t\t\t\t\t\t\t\t\t<\/div>\n\t\t\t\t<\/div>\n\t\t\t\t\t<\/div>\n\t\t\t\t<\/div>\n\t\t<div class=\"elementor-element elementor-element-b39a806 e-flex e-con-boxed e-con e-parent\" data-id=\"b39a806\" data-element_type=\"container\" data-e-type=\"container\" data-settings=\"{&quot;jet_parallax_layout_list&quot;:[]}\">\n\t\t\t\t\t<div class=\"e-con-inner\">\n\t\t\t\t<div class=\"elementor-element elementor-element-9cd6988 elementor-widget elementor-widget-heading\" data-id=\"9cd6988\" data-element_type=\"widget\" data-e-type=\"widget\" data-widget_type=\"heading.default\">\n\t\t\t\t<div class=\"elementor-widget-container\">\n\t\t\t\t\t<h2 class=\"elementor-heading-title elementor-size-default\">La historia contin\u00faa <\/h2>\t\t\t\t<\/div>\n\t\t\t\t<\/div>\n\t\t\t\t<div class=\"elementor-element elementor-element-cf3ce92 elementor-widget elementor-widget-text-editor\" data-id=\"cf3ce92\" data-element_type=\"widget\" data-e-type=\"widget\" data-widget_type=\"text-editor.default\">\n\t\t\t\t<div class=\"elementor-widget-container\">\n\t\t\t\t\t\t\t\t\t<p><span data-contrast=\"auto\">Desde los primeros d\u00edas de la Compa\u00f1\u00eda de Jes\u00fas, los jesuitas consideraron que su misi\u00f3n deb\u00eda vivirse en el mundo. Por eso, iban all\u00ed donde estaba la gente; parafraseando a otro de los primeros jesuitas, Jer\u00f3nimo Nadal, ve\u00edan el mundo como su monasterio. Esto signific\u00f3 que sirvieron como misioneros en toda Europa, as\u00ed como en Am\u00e9rica, Asia y otros lugares. A menudo asum\u00edan las costumbres locales de las comunidades a las que eran enviados.<\/span><span data-ccp-props=\"{&quot;134245417&quot;:false,&quot;201341983&quot;:0,&quot;335559685&quot;:0,&quot;335559739&quot;:0,&quot;335559740&quot;:240}\">\u00a0<\/span><\/p><p><span data-contrast=\"auto\">A pesar de concebir la Compa\u00f1\u00eda como una orden misionera, compa\u00f1eros en constante movimiento, pronto qued\u00f3 claro que una de las formas m\u00e1s importantes en que los jesuitas pod\u00edan servir al Pueblo de Dios era a trav\u00e9s de la educaci\u00f3n. Y as\u00ed, los jesuitas comenzaron a fundar escuelas. Se involucraron en la investigaci\u00f3n, estudiando disciplinas que iban mucho m\u00e1s all\u00e1 de la teolog\u00eda y la filosof\u00eda.<\/span><span data-ccp-props=\"{&quot;134245417&quot;:false,&quot;201341983&quot;:0,&quot;335559685&quot;:0,&quot;335559739&quot;:0,&quot;335559740&quot;:240}\">\u00a0<\/span><\/p><p><span data-contrast=\"auto\">Con el \u00e9xito llegaron los enemigos. Muchos desconfiaban de la implicaci\u00f3n de los jesuitas en los llamados campos seculares; no estaban de acuerdo con sus t\u00e1cticas misioneras; envidiaban los estrechos v\u00ednculos de los jesuitas con gente poderosa. Y as\u00ed, en 1773, tras una tremenda presi\u00f3n por parte de un creciente n\u00famero de l\u00edderes europeos, el Papa Clemente XIV public\u00f3 <\/span><i><span data-contrast=\"auto\">Dominus ac Redemptor<\/span><\/i><span data-contrast=\"auto\">, un breve que suprimi\u00f3 la Compa\u00f1\u00eda de Jes\u00fas. Esto caus\u00f3 que 23,000 Jesuitas fueran repentinamente dejados a la intemperie.<\/span><span data-ccp-props=\"{&quot;134245417&quot;:false,&quot;201341983&quot;:0,&quot;335559685&quot;:0,&quot;335559739&quot;:0,&quot;335559740&quot;:240}\">\u00a0<\/span><\/p><p><span data-contrast=\"auto\">Sin embargo, como el Papa Clemente confiaba en los l\u00edderes locales para hacer cumplir el breve, la negativa a hacerlo por parte de Catalina la Grande hizo que la Compa\u00f1\u00eda sobreviviera en Rusia. Tras muchos a\u00f1os y gran insistencia, un nuevo Papa, P\u00edo VII, lleg\u00f3 al poder y restaur\u00f3 plenamente la Compa\u00f1\u00eda en 1814.<\/span><span data-ccp-props=\"{&quot;134245417&quot;:false,&quot;201341983&quot;:0,&quot;335559685&quot;:0,&quot;335559739&quot;:0,&quot;335559740&quot;:240}\">\u00a0<\/span><\/p><p><span data-contrast=\"auto\">Aproximadamente 200 a\u00f1os despu\u00e9s, el Papa Francisco, el primer Papa jesuita, fue elegido para liderar la Iglesia mundial. Y los jesuitas -renovados por el liderazgo del Padre Pedro Arrupe, el 28\u00ba Superior General (1965-1983), que insisti\u00f3 en una fe que hace justicia- siguen trabajando por la mayor gloria de Dios y el bien de todas las personas.<\/span><span data-ccp-props=\"{&quot;134245417&quot;:false,&quot;201341983&quot;:0,&quot;335559685&quot;:0,&quot;335559739&quot;:0,&quot;335559740&quot;:240}\">\u00a0<\/span><\/p><p><span data-contrast=\"auto\">Hoy, bajo el liderazgo del Padre General Arturo Sosa y guiados por nuestras Preferencias Apost\u00f3licas Universales, leemos y respondemos a los signos de los tiempos, buscando siempre mostrar el camino a Dios, acompa\u00f1ar a los vulnerables, construir un futuro lleno de esperanza y cuidar nuestra casa com\u00fan. El nuestro es el trabajo de la reconciliaci\u00f3n: reconciliar a toda la creaci\u00f3n con Dios, fortalecer las relaciones entre amigos y extra\u00f1os por igual, siempre como compa\u00f1eros juntos en el camino.<\/span><span data-ccp-props=\"{&quot;134245417&quot;:false,&quot;201341983&quot;:0,&quot;335559685&quot;:0,&quot;335559739&quot;:0,&quot;335559740&quot;:240}\">\u00a0<\/span><\/p>\t\t\t\t\t\t\t\t<\/div>\n\t\t\t\t<\/div>\n\t\t\t\t<div class=\"elementor-element elementor-element-213e33e elementor-widget elementor-widget-image\" data-id=\"213e33e\" data-element_type=\"widget\" data-e-type=\"widget\" data-widget_type=\"image.default\">\n\t\t\t\t<div class=\"elementor-widget-container\">\n\t\t\t\t\t\t\t\t\t\t\t\t\t\t\t<img decoding=\"async\" width=\"585\" height=\"286\" src=\"https:\/\/www.jesuits.org\/wp-content\/uploads\/2024\/01\/ignatius-thumb-2.jpg\" class=\"attachment-large size-large wp-image-104534\" alt=\"\" srcset=\"https:\/\/www.jesuits.org\/wp-content\/uploads\/2024\/01\/ignatius-thumb-2.jpg 585w, https:\/\/www.jesuits.org\/wp-content\/uploads\/2024\/01\/ignatius-thumb-2-300x147.jpg 300w\" sizes=\"(max-width: 585px) 100vw, 585px\" \/>\t\t\t\t\t\t\t\t\t\t\t\t\t\t\t<\/div>\n\t\t\t\t<\/div>\n\t\t\t\t\t<\/div>\n\t\t\t\t<\/div>\n\t\t\t\t<\/div>\n\t\t","protected":false},"excerpt":{"rendered":"<p>Ignacio de Loyola I\u00f1igo L\u00f3pez de Loyola -m\u00e1s conocido como San Ignacio de Loyola- naci\u00f3 en 1491 en la regi\u00f3n vasca de Espa\u00f1a en el seno de una peque\u00f1a nobleza. Ignacio, el m\u00e1s joven de trece hermanos, pas\u00f3 sus a\u00f1os de formaci\u00f3n lejos de Loyola, en la corte del reino de Castilla, como paje del [&hellip;]<\/p>\n","protected":false},"author":5,"featured_media":104963,"parent":19919,"menu_order":35,"comment_status":"closed","ping_status":"closed","template":"","meta":{"_acf_changed":false,"pmpro_default_level":"","_monsterinsights_skip_tracking":false,"_monsterinsights_sitenote_active":false,"_monsterinsights_sitenote_note":"","_monsterinsights_sitenote_category":0,"footnotes":"","_links_to":"","_links_to_target":""},"class_list":["post-34202","page","type-page","status-publish","has-post-thumbnail","hentry","pmpro-has-access"],"acf":[],"yoast_head":"<!-- This site is optimized with the Yoast SEO plugin v27.3 - https:\/\/yoast.com\/product\/yoast-seo-wordpress\/ -->\n<title>Nuestro fundador, nuestra historia - ÃÛÌÒÊÓÆµ.org<\/title>\n<meta name=\"description\" content=\"The founder of the Society of Jesus, St. Ignatius of Loyola, has left a legacy that ÃÛÌÒÊÓÆµ have followed for more than 500 years.\" \/>\n<meta name=\"robots\" content=\"index, follow, max-snippet:-1, max-image-preview:large, max-video-preview:-1\" \/>\n<link rel=\"canonical\" href=\"https:\/\/www.jesuits.org\/es\/acerca-de-nosotros\/ignacio-de-loyola\/\" \/>\n<meta property=\"og:locale\" content=\"es_ES\" \/>\n<meta property=\"og:type\" content=\"article\" \/>\n<meta property=\"og:title\" content=\"Nuestro fundador, nuestra historia - ÃÛÌÒÊÓÆµ.org\" \/>\n<meta property=\"og:description\" content=\"The founder of the Society of Jesus, St. Ignatius of Loyola, has left a legacy that ÃÛÌÒÊÓÆµ have followed for more than 500 years.\" \/>\n<meta property=\"og:url\" content=\"https:\/\/www.jesuits.org\/es\/acerca-de-nosotros\/ignacio-de-loyola\/\" \/>\n<meta property=\"og:site_name\" content=\"ÃÛÌÒÊÓÆµ.org\" \/>\n<meta property=\"article:modified_time\" content=\"2024-08-13T14:50:36+00:00\" \/>\n<meta property=\"og:image\" content=\"https:\/\/jesuits.ca\/wp-content\/uploads\/2019\/11\/ignatius-thanksgiving-thumbnail.jpg\" \/>\n\t<meta property=\"og:image:width\" content=\"912\" \/>\n\t<meta property=\"og:image:height\" content=\"458\" \/>\n\t<meta property=\"og:image:type\" content=\"image\/jpeg\" \/>\n<meta name=\"twitter:card\" content=\"summary_large_image\" \/>\n<meta name=\"twitter:label1\" content=\"Tiempo de lectura\" \/>\n\t<meta name=\"twitter:data1\" content=\"5 minutos\" \/>\n<script type=\"application\/ld+json\" class=\"yoast-schema-graph\">{\"@context\":\"https:\\\/\\\/schema.org\",\"@graph\":[{\"@type\":\"WebPage\",\"@id\":\"https:\\\/\\\/www.jesuits.org\\\/es\\\/acerca-de-nosotros\\\/ignacio-de-loyola\\\/\",\"url\":\"https:\\\/\\\/www.jesuits.org\\\/es\\\/acerca-de-nosotros\\\/ignacio-de-loyola\\\/\",\"name\":\"Nuestro fundador, nuestra historia - ÃÛÌÒÊÓÆµ.org\",\"isPartOf\":{\"@id\":\"https:\\\/\\\/www.jesuits.org\\\/es\\\/#website\"},\"primaryImageOfPage\":{\"@id\":\"https:\\\/\\\/www.jesuits.org\\\/es\\\/acerca-de-nosotros\\\/ignacio-de-loyola\\\/#primaryimage\"},\"image\":{\"@id\":\"https:\\\/\\\/www.jesuits.org\\\/es\\\/acerca-de-nosotros\\\/ignacio-de-loyola\\\/#primaryimage\"},\"thumbnailUrl\":\"https:\\\/\\\/www.jesuits.org\\\/wp-content\\\/uploads\\\/2019\\\/11\\\/ignatius-thanksgiving-thumbnail.jpg\",\"datePublished\":\"2020-06-23T16:42:25+00:00\",\"dateModified\":\"2024-08-13T14:50:36+00:00\",\"description\":\"The founder of the Society of Jesus, St. Ignatius of Loyola, has left a legacy that ÃÛÌÒÊÓÆµ have followed for more than 500 years.\",\"breadcrumb\":{\"@id\":\"https:\\\/\\\/www.jesuits.org\\\/es\\\/acerca-de-nosotros\\\/ignacio-de-loyola\\\/#breadcrumb\"},\"inLanguage\":\"es\",\"potentialAction\":[{\"@type\":\"ReadAction\",\"target\":[\"https:\\\/\\\/www.jesuits.org\\\/es\\\/acerca-de-nosotros\\\/ignacio-de-loyola\\\/\"]}]},{\"@type\":\"ImageObject\",\"inLanguage\":\"es\",\"@id\":\"https:\\\/\\\/www.jesuits.org\\\/es\\\/acerca-de-nosotros\\\/ignacio-de-loyola\\\/#primaryimage\",\"url\":\"https:\\\/\\\/www.jesuits.org\\\/wp-content\\\/uploads\\\/2019\\\/11\\\/ignatius-thanksgiving-thumbnail.jpg\",\"contentUrl\":\"https:\\\/\\\/www.jesuits.org\\\/wp-content\\\/uploads\\\/2019\\\/11\\\/ignatius-thanksgiving-thumbnail.jpg\",\"width\":912,\"height\":458},{\"@type\":\"BreadcrumbList\",\"@id\":\"https:\\\/\\\/www.jesuits.org\\\/es\\\/acerca-de-nosotros\\\/ignacio-de-loyola\\\/#breadcrumb\",\"itemListElement\":[{\"@type\":\"ListItem\",\"position\":1,\"name\":\"Home\",\"item\":\"https:\\\/\\\/www.jesuits.org\\\/es\\\/\"},{\"@type\":\"ListItem\",\"position\":2,\"name\":\"Acerca de nosotros\",\"item\":\"https:\\\/\\\/www.jesuits.org\\\/es\\\/acerca-de-nosotros\\\/\"},{\"@type\":\"ListItem\",\"position\":3,\"name\":\"Nuestro fundador, nuestra historia\"}]},{\"@type\":\"WebSite\",\"@id\":\"https:\\\/\\\/www.jesuits.org\\\/es\\\/#website\",\"url\":\"https:\\\/\\\/www.jesuits.org\\\/es\\\/\",\"name\":\"ÃÛÌÒÊÓÆµ.org\",\"description\":\"Welcome to the Society of Jesus in Canada and the United States\",\"potentialAction\":[{\"@type\":\"SearchAction\",\"target\":{\"@type\":\"EntryPoint\",\"urlTemplate\":\"https:\\\/\\\/www.jesuits.org\\\/es\\\/?s={search_term_string}\"},\"query-input\":{\"@type\":\"PropertyValueSpecification\",\"valueRequired\":true,\"valueName\":\"search_term_string\"}}],\"inLanguage\":\"es\"}]}<\/script>\n<!-- \/ Yoast SEO plugin. -->","yoast_head_json":{"title":"Nuestro fundador, nuestra historia - ÃÛÌÒÊÓÆµ.org","description":"The founder of the Society of Jesus, St. Ignatius of Loyola, has left a legacy that ÃÛÌÒÊÓÆµ have followed for more than 500 years.","robots":{"index":"index","follow":"follow","max-snippet":"max-snippet:-1","max-image-preview":"max-image-preview:large","max-video-preview":"max-video-preview:-1"},"canonical":"https:\/\/www.jesuits.org\/es\/acerca-de-nosotros\/ignacio-de-loyola\/","og_locale":"es_ES","og_type":"article","og_title":"Nuestro fundador, nuestra historia - ÃÛÌÒÊÓÆµ.org","og_description":"The founder of the Society of Jesus, St. Ignatius of Loyola, has left a legacy that ÃÛÌÒÊÓÆµ have followed for more than 500 years.","og_url":"https:\/\/www.jesuits.org\/es\/acerca-de-nosotros\/ignacio-de-loyola\/","og_site_name":"ÃÛÌÒÊÓÆµ.org","article_modified_time":"2024-08-13T14:50:36+00:00","og_image":[{"width":912,"height":458,"url":"https:\/\/jesuits.ca\/wp-content\/uploads\/2019\/11\/ignatius-thanksgiving-thumbnail.jpg","type":"image\/jpeg"}],"twitter_card":"summary_large_image","twitter_misc":{"Tiempo de lectura":"5 minutos"},"schema":{"@context":"https:\/\/schema.org","@graph":[{"@type":"WebPage","@id":"https:\/\/www.jesuits.org\/es\/acerca-de-nosotros\/ignacio-de-loyola\/","url":"https:\/\/www.jesuits.org\/es\/acerca-de-nosotros\/ignacio-de-loyola\/","name":"Nuestro fundador, nuestra historia - ÃÛÌÒÊÓÆµ.org","isPartOf":{"@id":"https:\/\/www.jesuits.org\/es\/#website"},"primaryImageOfPage":{"@id":"https:\/\/www.jesuits.org\/es\/acerca-de-nosotros\/ignacio-de-loyola\/#primaryimage"},"image":{"@id":"https:\/\/www.jesuits.org\/es\/acerca-de-nosotros\/ignacio-de-loyola\/#primaryimage"},"thumbnailUrl":"https:\/\/www.jesuits.org\/wp-content\/uploads\/2019\/11\/ignatius-thanksgiving-thumbnail.jpg","datePublished":"2020-06-23T16:42:25+00:00","dateModified":"2024-08-13T14:50:36+00:00","description":"The founder of the Society of Jesus, St. Ignatius of Loyola, has left a legacy that ÃÛÌÒÊÓÆµ have followed for more than 500 years.","breadcrumb":{"@id":"https:\/\/www.jesuits.org\/es\/acerca-de-nosotros\/ignacio-de-loyola\/#breadcrumb"},"inLanguage":"es","potentialAction":[{"@type":"ReadAction","target":["https:\/\/www.jesuits.org\/es\/acerca-de-nosotros\/ignacio-de-loyola\/"]}]},{"@type":"ImageObject","inLanguage":"es","@id":"https:\/\/www.jesuits.org\/es\/acerca-de-nosotros\/ignacio-de-loyola\/#primaryimage","url":"https:\/\/www.jesuits.org\/wp-content\/uploads\/2019\/11\/ignatius-thanksgiving-thumbnail.jpg","contentUrl":"https:\/\/www.jesuits.org\/wp-content\/uploads\/2019\/11\/ignatius-thanksgiving-thumbnail.jpg","width":912,"height":458},{"@type":"BreadcrumbList","@id":"https:\/\/www.jesuits.org\/es\/acerca-de-nosotros\/ignacio-de-loyola\/#breadcrumb","itemListElement":[{"@type":"ListItem","position":1,"name":"Home","item":"https:\/\/www.jesuits.org\/es\/"},{"@type":"ListItem","position":2,"name":"Acerca de nosotros","item":"https:\/\/www.jesuits.org\/es\/acerca-de-nosotros\/"},{"@type":"ListItem","position":3,"name":"Nuestro fundador, nuestra historia"}]},{"@type":"WebSite","@id":"https:\/\/www.jesuits.org\/es\/#website","url":"https:\/\/www.jesuits.org\/es\/","name":"ÃÛÌÒÊÓÆµ.org","description":"Welcome to the Society of Jesus in Canada and the United States","potentialAction":[{"@type":"SearchAction","target":{"@type":"EntryPoint","urlTemplate":"https:\/\/www.jesuits.org\/es\/?s={search_term_string}"},"query-input":{"@type":"PropertyValueSpecification","valueRequired":true,"valueName":"search_term_string"}}],"inLanguage":"es"}]}},"_links":{"self":[{"href":"https:\/\/www.jesuits.org\/es\/wp-json\/wp\/v2\/pages\/34202","targetHints":{"allow":["GET"]}}],"collection":[{"href":"https:\/\/www.jesuits.org\/es\/wp-json\/wp\/v2\/pages"}],"about":[{"href":"https:\/\/www.jesuits.org\/es\/wp-json\/wp\/v2\/types\/page"}],"author":[{"embeddable":true,"href":"https:\/\/www.jesuits.org\/es\/wp-json\/wp\/v2\/users\/5"}],"replies":[{"embeddable":true,"href":"https:\/\/www.jesuits.org\/es\/wp-json\/wp\/v2\/comments?post=34202"}],"version-history":[{"count":0,"href":"https:\/\/www.jesuits.org\/es\/wp-json\/wp\/v2\/pages\/34202\/revisions"}],"up":[{"embeddable":true,"href":"https:\/\/www.jesuits.org\/es\/wp-json\/wp\/v2\/pages\/19919"}],"wp:featuredmedia":[{"embeddable":true,"href":"https:\/\/www.jesuits.org\/es\/wp-json\/wp\/v2\/media\/104963"}],"wp:attachment":[{"href":"https:\/\/www.jesuits.org\/es\/wp-json\/wp\/v2\/media?parent=34202"}],"curies":[{"name":"wp","href":"https:\/\/api.w.org\/{rel}","templated":true}]}}