  {"id":19974,"date":"2019-12-06T14:32:43","date_gmt":"2019-12-06T22:32:43","guid":{"rendered":"https:\/\/www.jesuits.org\/nosotros\/nuestra-vocacion-universal\/"},"modified":"2020-08-05T22:56:51","modified_gmt":"2020-08-06T05:56:51","slug":"jesuitas-del-mundo-entero","status":"publish","type":"page","link":"https:\/\/www.jesuits.org\/es\/acerca-de-nosotros\/jesuitas-del-mundo-entero\/","title":{"rendered":"Jesuitas del mundo entero"},"content":{"rendered":"\t\t<div data-elementor-type=\"wp-post\" data-elementor-id=\"19974\" class=\"elementor elementor-19974 elementor-18578\" data-elementor-post-type=\"page\">\n\t\t\t\t\t\t<section class=\"elementor-section elementor-top-section elementor-element elementor-element-71c70451 elementor-section-boxed elementor-section-height-default elementor-section-height-default\" data-id=\"71c70451\" data-element_type=\"section\" data-e-type=\"section\" data-settings=\"{&quot;background_background&quot;:&quot;classic&quot;,&quot;background_motion_fx_motion_fx_scrolling&quot;:&quot;yes&quot;,&quot;animation_mobile&quot;:&quot;none&quot;,&quot;jet_parallax_layout_list&quot;:[],&quot;background_motion_fx_devices&quot;:[&quot;desktop&quot;,&quot;tablet&quot;,&quot;mobile&quot;]}\">\n\t\t\t\t\t\t\t<div class=\"elementor-background-overlay\"><\/div>\n\t\t\t\t\t\t\t<div class=\"elementor-container elementor-column-gap-no\">\n\t\t\t\t\t<div class=\"elementor-column elementor-col-100 elementor-top-column elementor-element elementor-element-3463cfd0\" data-id=\"3463cfd0\" data-element_type=\"column\" data-e-type=\"column\" data-settings=\"{&quot;animation_mobile&quot;:&quot;none&quot;}\">\n\t\t\t<div class=\"elementor-widget-wrap elementor-element-populated\">\n\t\t\t\t\t\t<section class=\"elementor-section elementor-inner-section elementor-element elementor-element-76146e01 elementor-section-boxed elementor-section-height-default elementor-section-height-default\" data-id=\"76146e01\" data-element_type=\"section\" data-e-type=\"section\" data-settings=\"{&quot;animation_mobile&quot;:&quot;none&quot;,&quot;jet_parallax_layout_list&quot;:[]}\">\n\t\t\t\t\t\t<div class=\"elementor-container elementor-column-gap-default\">\n\t\t\t\t\t<div class=\"elementor-column elementor-col-100 elementor-inner-column elementor-element elementor-element-6db14f2c animated-fast elementor-invisible\" data-id=\"6db14f2c\" data-element_type=\"column\" data-e-type=\"column\" data-settings=\"{&quot;animation&quot;:&quot;fadeIn&quot;,&quot;animation_mobile&quot;:&quot;none&quot;,&quot;animation_delay&quot;:600}\">\n\t\t\t<div class=\"elementor-widget-wrap elementor-element-populated\">\n\t\t\t\t\t\t<div class=\"elementor-element elementor-element-94fc930 elementor-widget elementor-widget-heading\" data-id=\"94fc930\" data-element_type=\"widget\" data-e-type=\"widget\" data-widget_type=\"heading.default\">\n\t\t\t\t<div class=\"elementor-widget-container\">\n\t\t\t\t\t<h2 class=\"elementor-heading-title elementor-size-default\">Acerca de nosotros<\/h2>\t\t\t\t<\/div>\n\t\t\t\t<\/div>\n\t\t\t\t\t<\/div>\n\t\t<\/div>\n\t\t\t\t\t<\/div>\n\t\t<\/section>\n\t\t\t\t\t<\/div>\n\t\t<\/div>\n\t\t\t\t\t<\/div>\n\t\t<\/section>\n\t\t\t\t<section class=\"elementor-section elementor-top-section elementor-element elementor-element-72268a4f elementor-section-boxed elementor-section-height-default elementor-section-height-default\" data-id=\"72268a4f\" data-element_type=\"section\" data-e-type=\"section\" data-settings=\"{&quot;background_background&quot;:&quot;classic&quot;,&quot;jet_parallax_layout_list&quot;:[]}\">\n\t\t\t\t\t\t\t<div class=\"elementor-background-overlay\"><\/div>\n\t\t\t\t\t\t\t<div class=\"elementor-container elementor-column-gap-no\">\n\t\t\t\t\t<div class=\"elementor-column elementor-col-50 elementor-top-column elementor-element elementor-element-a2ef86e\" data-id=\"a2ef86e\" data-element_type=\"column\" data-e-type=\"column\">\n\t\t\t<div class=\"elementor-widget-wrap elementor-element-populated\">\n\t\t\t\t\t\t<section class=\"elementor-section elementor-inner-section elementor-element elementor-element-a06f8a0 elementor-section-boxed elementor-section-height-default elementor-section-height-default\" data-id=\"a06f8a0\" data-element_type=\"section\" data-e-type=\"section\" data-settings=\"{&quot;jet_parallax_layout_list&quot;:[]}\">\n\t\t\t\t\t\t<div class=\"elementor-container elementor-column-gap-default\">\n\t\t\t\t\t<div class=\"elementor-column elementor-col-100 elementor-inner-column elementor-element elementor-element-f122d63 banner-text-red elementor-invisible\" data-id=\"f122d63\" data-element_type=\"column\" data-e-type=\"column\" data-settings=\"{&quot;animation&quot;:&quot;fadeIn&quot;,&quot;animation_delay&quot;:100,&quot;animation_mobile&quot;:&quot;none&quot;}\">\n\t\t\t<div class=\"elementor-widget-wrap elementor-element-populated\">\n\t\t\t\t\t\t<div class=\"elementor-element elementor-element-4bf6423 elementor-widget elementor-widget-heading\" data-id=\"4bf6423\" data-element_type=\"widget\" data-e-type=\"widget\" data-settings=\"{&quot;_animation_mobile&quot;:&quot;none&quot;}\" data-widget_type=\"heading.default\">\n\t\t\t\t<div class=\"elementor-widget-container\">\n\t\t\t\t\t<h1 class=\"elementor-heading-title elementor-size-default\">Jesuitas del mundo entero<\/h1>\t\t\t\t<\/div>\n\t\t\t\t<\/div>\n\t\t\t\t\t<\/div>\n\t\t<\/div>\n\t\t\t\t\t<\/div>\n\t\t<\/section>\n\t\t\t\t<section class=\"elementor-section elementor-inner-section elementor-element elementor-element-3d9bfddb elementor-section-boxed elementor-section-height-default elementor-section-height-default\" data-id=\"3d9bfddb\" data-element_type=\"section\" data-e-type=\"section\" data-settings=\"{&quot;jet_parallax_layout_list&quot;:[]}\">\n\t\t\t\t\t\t<div class=\"elementor-container elementor-column-gap-default\">\n\t\t\t\t\t<div class=\"elementor-column elementor-col-100 elementor-inner-column elementor-element elementor-element-5de29c26\" data-id=\"5de29c26\" data-element_type=\"column\" data-e-type=\"column\">\n\t\t\t<div class=\"elementor-widget-wrap elementor-element-populated\">\n\t\t\t\t\t\t<div class=\"elementor-element elementor-element-3a1c6b23 elementor-widget elementor-widget-text-editor\" data-id=\"3a1c6b23\" data-element_type=\"widget\" data-e-type=\"widget\" data-widget_type=\"text-editor.default\">\n\t\t\t\t<div class=\"elementor-widget-container\">\n\t\t\t\t\t\t\t\t\t<h4>Nuestra vocaci\u00f3n universal<\/h4><div class=\"page_content-Caption\"><figure id=\"attachment_18878\" aria-describedby=\"caption-attachment-18878\" style=\"width: 222px\" class=\"wp-caption alignright\"><img fetchpriority=\"high\" decoding=\"async\" class=\"wp-image-18876 size-medium\" src=\"https:\/\/www.jesuits.org\/wp-content\/uploads\/sites\/10\/2019\/11\/USA_aboutus_Curia_0001-222x300.jpg\" alt=\"\" width=\"222\" height=\"300\" srcset=\"https:\/\/www.jesuits.org\/wp-content\/uploads\/2019\/11\/USA_aboutus_Curia_0001-222x300.jpg 222w, https:\/\/www.jesuits.org\/wp-content\/uploads\/2019\/11\/USA_aboutus_Curia_0001.jpg 427w\" sizes=\"(max-width: 222px) 100vw, 222px\" \/><figcaption id=\"caption-attachment-18878\" class=\"wp-caption-text\">La curia jesuita en Roma. La c\u00fapula de la Bas\u00edlica de San Pedro se puede ver en la distancia.<\/figcaption><\/figure><\/div><div class=\"page_content-Headline\"><p>Aunque la mayor\u00eda de las personas encuentran a los jesuitas en las escuelas y otros ministerios, la Compa\u00f1\u00eda de Jes\u00fas es de hecho una orden misionera (la orden mayor de este tipo en la Iglesia Cat\u00f3lica). Fray Arturo Sosa, S.J. <a href=\"http:\/\/jesuits.org\/aboutus?PAGE=DTN-20130625090031&amp;SUBPAGE=DTN-20130520123642\">Superior General<\/a>\u00a0de los jesuitas, dijo que \u201cPuede encontrar a los jesuitas, a los verdaderos jesuitas, en cualquier religi\u00f3n, cualquier color, cualquier actividad. Creo que eso es una se\u00f1al de la Iglesia para el mundo. Lo que nos une a todos en nuestra diversidad es nuestra conexi\u00f3n con Jes\u00fas y el Evangelio, y esa es la fuente de la creatividad de la Compa\u00f1\u00eda de Jes\u00fas y de las personas con quienes compartimos la misi\u00f3n\u201d.<\/p><p>Los ministerios jesuitas internacionales procuran alimentar la esperanza en los lugares que parecer\u00edan ofrecer muy poca. Caso concreto: los campamentos de refugiados, donde el <u>Servicio Jesuita para Refugiados<\/u> auspicia escuelas para los ni\u00f1os que a menudo pasan a\u00f1os en esos ambientes conflictivos, junto con otros muchos servicios. La espernaza se encuentra en el sinf\u00edn de obras de justicia, paz y cuidado de la creaci\u00f3n; los ministerios jesuitas descritos con m\u00e1s detalle <a href=\"http:\/\/jesuits.org\/whatwedo?PAGE=DTN-20130520124035\">aqu\u00ed<\/a>. Tambi\u00e9n hay ministerios principalmente espirituales a cargo de la Compa\u00f1\u00eda de Jes\u00fas mundial.<\/p><p>Estos incluyen el <a href=\"http:\/\/www.apostleshipofprayer.org\/\">Apostolado de Oraci\u00f3n<\/a>, que es esencialmente un grupo de oraci\u00f3n mundial con ofrecimientos diarios por internet. El apostolado ha sido denominado \u201cel grupo de oraci\u00f3n del papa\u201d, porque tambi\u00e9n divulga sus intenciones personales \u2014 en nombre de las vocaciones sacerdotales, por ejemplo, o el respeto mutuo entre las religiones mundiales. Otro ministerio espiritual es las Comunidades de vida cristiana, una asociaci\u00f3n laica auspiciada por los jesuitas que ha promovido grupos peque\u00f1os que comparten la fe en unos 60 pa\u00edses.<\/p><p>Un ministerio menos t\u00edpico es el Observatorio del Vaticano, una de las instituciones de investigaci\u00f3n astron\u00f3mica m\u00e1s antigua del mundo. Est\u00e1 operado por astr\u00f3nomos jesuitas que miran a trav\u00e9s de sus telescopios en Tucson, Arizona y Castel Gandolfo, la residencia veraniega del papa.<\/p><p><strong>Educar a los l\u00edderes de la iglesia<\/strong><\/p><p>Adem\u00e1s, la Compa\u00f1\u00eda de Jes\u00fas tiene responsabilidades cruciales en Roma en representaci\u00f3n de la Iglesia Universal. Entre estas responsabilidades, la educaci\u00f3n y formaci\u00f3n de los futuros l\u00edderes de la iglesia es particularmente significativa.<\/p><p>Los jesuitas llevan a cabo esta tarea en varias instituciones, como la <a href=\"http:\/\/www.unigre.it\/home_page_en.php\">Pontificia Universidad Gregoriana<\/a>, el\u00a0<a href=\"http:\/\/www.biblico.it\/\">Pontificio Instituto B\u00edblico<\/a>, y el\u00a0<a href=\"http:\/\/www.unipio.org\/\">Pontificio Instituto Oriental<\/a>. Estas tres instituciones atienden a m\u00e1s de 3,500 estudiantes de 120 pa\u00edses en seis continentes. Los estudiantes se preparan para desempe\u00f1arse como sacerdotes, hermanas, hermanos religiosos y l\u00edderes laicos. Tienen un gran impacto en la Iglesia: los graduados de las tres instituciones incluyen una cuarta parte de los obispos actuales del mundo y la mitad de los cardenales que votaron en el c\u00f3nclave papal m\u00e1s reciente.<\/p><p>Los jesuitas de Estados Unidos y Canad\u00e1 est\u00e1n involucrados activamente en todos los ministerios internacionales. Sus provincias de jurisdicciones regionales asumen la responsabilidad por el ministerio en las regiones que actualmente no est\u00e1n atendidas por una provincia jesuita en el extranjero. Las provincias de Estados Unidos y Canad\u00e1 tambi\u00e9n se asocian con sus contrapartes provinciales, especialmente en las naciones en desarrollo, en la gama completa de ministerios, en lo que a menudo se denominan \u201crelaciones de hermanamiento\u201d.<\/p><\/div><div>\u00a0<\/div><div><img decoding=\"async\" class=\"alignnone size-full wp-image-18879\" src=\"https:\/\/www.jesuits.org\/wp-content\/uploads\/sites\/10\/2019\/11\/World_Map_Jesuit_v02.png\" alt=\"\" width=\"1024\" height=\"509\" srcset=\"https:\/\/www.jesuits.org\/wp-content\/uploads\/2019\/11\/World_Map_Jesuit_v02.png 1024w, https:\/\/www.jesuits.org\/wp-content\/uploads\/2019\/11\/World_Map_Jesuit_v02-300x149.png 300w, https:\/\/www.jesuits.org\/wp-content\/uploads\/2019\/11\/World_Map_Jesuit_v02-768x382.png 768w\" sizes=\"(max-width: 1024px) 100vw, 1024px\" \/><\/div>\t\t\t\t\t\t\t\t<\/div>\n\t\t\t\t<\/div>\n\t\t\t\t\t<\/div>\n\t\t<\/div>\n\t\t\t\t\t<\/div>\n\t\t<\/section>\n\t\t\t\t\t<\/div>\n\t\t<\/div>\n\t\t\t\t<div class=\"elementor-column elementor-col-50 elementor-top-column elementor-element elementor-element-3d46f206\" data-id=\"3d46f206\" data-element_type=\"column\" data-e-type=\"column\">\n\t\t\t<div class=\"elementor-widget-wrap\">\n\t\t\t\t\t\t\t<\/div>\n\t\t<\/div>\n\t\t\t\t\t<\/div>\n\t\t<\/section>\n\t\t\t\t<\/div>\n\t\t","protected":false},"excerpt":{"rendered":"<p>Acerca de nosotros Jesuitas del mundo entero Nuestra vocaci\u00f3n universal Aunque la mayor\u00eda de las personas encuentran a los jesuitas en las escuelas y otros ministerios, la Compa\u00f1\u00eda de Jes\u00fas es de hecho una orden misionera (la orden mayor de este tipo en la Iglesia Cat\u00f3lica). Fray Arturo Sosa, S.J. Superior General\u00a0de los jesuitas, dijo [&hellip;]<\/p>\n","protected":false},"author":5,"featured_media":0,"parent":19919,"menu_order":70,"comment_status":"closed","ping_status":"closed","template":"elementor_header_footer","meta":{"_acf_changed":false,"pmpro_default_level":"","_monsterinsights_skip_tracking":false,"_monsterinsights_sitenote_active":false,"_monsterinsights_sitenote_note":"","_monsterinsights_sitenote_category":0,"footnotes":"","_links_to":"","_links_to_target":""},"class_list":["post-19974","page","type-page","status-publish","hentry","pmpro-has-access"],"acf":[],"yoast_head":"<!-- This site is optimized with the Yoast SEO plugin v27.3 - https:\/\/yoast.com\/product\/yoast-seo-wordpress\/ -->\n<title>Jesuitas del mundo entero - ÃÛÌÒÊÓÆµ.org<\/title>\n<meta name=\"robots\" content=\"index, follow, max-snippet:-1, max-image-preview:large, max-video-preview:-1\" \/>\n<link rel=\"canonical\" href=\"https:\/\/www.jesuits.org\/es\/acerca-de-nosotros\/jesuitas-del-mundo-entero\/\" \/>\n<meta property=\"og:locale\" content=\"es_ES\" \/>\n<meta property=\"og:type\" content=\"article\" \/>\n<meta property=\"og:title\" content=\"Jesuitas del mundo entero - ÃÛÌÒÊÓÆµ.org\" \/>\n<meta property=\"og:description\" content=\"Acerca de nosotros Jesuitas del mundo entero Nuestra vocaci\u00f3n universal Aunque la mayor\u00eda de las personas encuentran a los jesuitas en las escuelas y otros ministerios, la Compa\u00f1\u00eda de Jes\u00fas es de hecho una orden misionera (la orden mayor de este tipo en la Iglesia Cat\u00f3lica). Fray Arturo Sosa, S.J. Superior General\u00a0de los jesuitas, dijo [&hellip;]\" \/>\n<meta property=\"og:url\" content=\"https:\/\/www.jesuits.org\/es\/acerca-de-nosotros\/jesuitas-del-mundo-entero\/\" \/>\n<meta property=\"og:site_name\" content=\"ÃÛÌÒÊÓÆµ.org\" \/>\n<meta property=\"article:modified_time\" content=\"2020-08-06T05:56:51+00:00\" \/>\n<meta property=\"og:image\" content=\"https:\/\/www.jesuits.org\/wp-content\/uploads\/sites\/10\/2019\/11\/USA_aboutus_Curia_0001-222x300.jpg\" \/>\n<meta name=\"twitter:card\" content=\"summary_large_image\" \/>\n<meta name=\"twitter:label1\" content=\"Tiempo de lectura\" \/>\n\t<meta name=\"twitter:data1\" content=\"3 minutos\" \/>\n<script type=\"application\/ld+json\" class=\"yoast-schema-graph\">{\"@context\":\"https:\\\/\\\/schema.org\",\"@graph\":[{\"@type\":\"WebPage\",\"@id\":\"https:\\\/\\\/www.jesuits.org\\\/es\\\/acerca-de-nosotros\\\/jesuitas-del-mundo-entero\\\/\",\"url\":\"https:\\\/\\\/www.jesuits.org\\\/es\\\/acerca-de-nosotros\\\/jesuitas-del-mundo-entero\\\/\",\"name\":\"Jesuitas del mundo entero - ÃÛÌÒÊÓÆµ.org\",\"isPartOf\":{\"@id\":\"https:\\\/\\\/www.jesuits.org\\\/es\\\/#website\"},\"primaryImageOfPage\":{\"@id\":\"https:\\\/\\\/www.jesuits.org\\\/es\\\/acerca-de-nosotros\\\/jesuitas-del-mundo-entero\\\/#primaryimage\"},\"image\":{\"@id\":\"https:\\\/\\\/www.jesuits.org\\\/es\\\/acerca-de-nosotros\\\/jesuitas-del-mundo-entero\\\/#primaryimage\"},\"thumbnailUrl\":\"https:\\\/\\\/www.jesuits.org\\\/wp-content\\\/uploads\\\/sites\\\/10\\\/2019\\\/11\\\/USA_aboutus_Curia_0001-222x300.jpg\",\"datePublished\":\"2019-12-06T22:32:43+00:00\",\"dateModified\":\"2020-08-06T05:56:51+00:00\",\"breadcrumb\":{\"@id\":\"https:\\\/\\\/www.jesuits.org\\\/es\\\/acerca-de-nosotros\\\/jesuitas-del-mundo-entero\\\/#breadcrumb\"},\"inLanguage\":\"es\",\"potentialAction\":[{\"@type\":\"ReadAction\",\"target\":[\"https:\\\/\\\/www.jesuits.org\\\/es\\\/acerca-de-nosotros\\\/jesuitas-del-mundo-entero\\\/\"]}]},{\"@type\":\"ImageObject\",\"inLanguage\":\"es\",\"@id\":\"https:\\\/\\\/www.jesuits.org\\\/es\\\/acerca-de-nosotros\\\/jesuitas-del-mundo-entero\\\/#primaryimage\",\"url\":\"https:\\\/\\\/www.jesuits.org\\\/wp-content\\\/uploads\\\/sites\\\/10\\\/2019\\\/11\\\/USA_aboutus_Curia_0001-222x300.jpg\",\"contentUrl\":\"https:\\\/\\\/www.jesuits.org\\\/wp-content\\\/uploads\\\/sites\\\/10\\\/2019\\\/11\\\/USA_aboutus_Curia_0001-222x300.jpg\"},{\"@type\":\"BreadcrumbList\",\"@id\":\"https:\\\/\\\/www.jesuits.org\\\/es\\\/acerca-de-nosotros\\\/jesuitas-del-mundo-entero\\\/#breadcrumb\",\"itemListElement\":[{\"@type\":\"ListItem\",\"position\":1,\"name\":\"Home\",\"item\":\"https:\\\/\\\/www.jesuits.org\\\/es\\\/\"},{\"@type\":\"ListItem\",\"position\":2,\"name\":\"Acerca de nosotros\",\"item\":\"https:\\\/\\\/www.jesuits.org\\\/es\\\/acerca-de-nosotros\\\/\"},{\"@type\":\"ListItem\",\"position\":3,\"name\":\"Jesuitas del mundo entero\"}]},{\"@type\":\"WebSite\",\"@id\":\"https:\\\/\\\/www.jesuits.org\\\/es\\\/#website\",\"url\":\"https:\\\/\\\/www.jesuits.org\\\/es\\\/\",\"name\":\"ÃÛÌÒÊÓÆµ.org\",\"description\":\"Welcome to the Society of Jesus in Canada and the United States\",\"potentialAction\":[{\"@type\":\"SearchAction\",\"target\":{\"@type\":\"EntryPoint\",\"urlTemplate\":\"https:\\\/\\\/www.jesuits.org\\\/es\\\/?s={search_term_string}\"},\"query-input\":{\"@type\":\"PropertyValueSpecification\",\"valueRequired\":true,\"valueName\":\"search_term_string\"}}],\"inLanguage\":\"es\"}]}<\/script>\n<!-- \/ Yoast SEO plugin. -->","yoast_head_json":{"title":"Jesuitas del mundo entero - ÃÛÌÒÊÓÆµ.org","robots":{"index":"index","follow":"follow","max-snippet":"max-snippet:-1","max-image-preview":"max-image-preview:large","max-video-preview":"max-video-preview:-1"},"canonical":"https:\/\/www.jesuits.org\/es\/acerca-de-nosotros\/jesuitas-del-mundo-entero\/","og_locale":"es_ES","og_type":"article","og_title":"Jesuitas del mundo entero - ÃÛÌÒÊÓÆµ.org","og_description":"Acerca de nosotros Jesuitas del mundo entero Nuestra vocaci\u00f3n universal Aunque la mayor\u00eda de las personas encuentran a los jesuitas en las escuelas y otros ministerios, la Compa\u00f1\u00eda de Jes\u00fas es de hecho una orden misionera (la orden mayor de este tipo en la Iglesia Cat\u00f3lica). Fray Arturo Sosa, S.J. Superior General\u00a0de los jesuitas, dijo [&hellip;]","og_url":"https:\/\/www.jesuits.org\/es\/acerca-de-nosotros\/jesuitas-del-mundo-entero\/","og_site_name":"ÃÛÌÒÊÓÆµ.org","article_modified_time":"2020-08-06T05:56:51+00:00","og_image":[{"url":"https:\/\/www.jesuits.org\/wp-content\/uploads\/sites\/10\/2019\/11\/USA_aboutus_Curia_0001-222x300.jpg","type":"","width":"","height":""}],"twitter_card":"summary_large_image","twitter_misc":{"Tiempo de lectura":"3 minutos"},"schema":{"@context":"https:\/\/schema.org","@graph":[{"@type":"WebPage","@id":"https:\/\/www.jesuits.org\/es\/acerca-de-nosotros\/jesuitas-del-mundo-entero\/","url":"https:\/\/www.jesuits.org\/es\/acerca-de-nosotros\/jesuitas-del-mundo-entero\/","name":"Jesuitas del mundo entero - ÃÛÌÒÊÓÆµ.org","isPartOf":{"@id":"https:\/\/www.jesuits.org\/es\/#website"},"primaryImageOfPage":{"@id":"https:\/\/www.jesuits.org\/es\/acerca-de-nosotros\/jesuitas-del-mundo-entero\/#primaryimage"},"image":{"@id":"https:\/\/www.jesuits.org\/es\/acerca-de-nosotros\/jesuitas-del-mundo-entero\/#primaryimage"},"thumbnailUrl":"https:\/\/www.jesuits.org\/wp-content\/uploads\/sites\/10\/2019\/11\/USA_aboutus_Curia_0001-222x300.jpg","datePublished":"2019-12-06T22:32:43+00:00","dateModified":"2020-08-06T05:56:51+00:00","breadcrumb":{"@id":"https:\/\/www.jesuits.org\/es\/acerca-de-nosotros\/jesuitas-del-mundo-entero\/#breadcrumb"},"inLanguage":"es","potentialAction":[{"@type":"ReadAction","target":["https:\/\/www.jesuits.org\/es\/acerca-de-nosotros\/jesuitas-del-mundo-entero\/"]}]},{"@type":"ImageObject","inLanguage":"es","@id":"https:\/\/www.jesuits.org\/es\/acerca-de-nosotros\/jesuitas-del-mundo-entero\/#primaryimage","url":"https:\/\/www.jesuits.org\/wp-content\/uploads\/sites\/10\/2019\/11\/USA_aboutus_Curia_0001-222x300.jpg","contentUrl":"https:\/\/www.jesuits.org\/wp-content\/uploads\/sites\/10\/2019\/11\/USA_aboutus_Curia_0001-222x300.jpg"},{"@type":"BreadcrumbList","@id":"https:\/\/www.jesuits.org\/es\/acerca-de-nosotros\/jesuitas-del-mundo-entero\/#breadcrumb","itemListElement":[{"@type":"ListItem","position":1,"name":"Home","item":"https:\/\/www.jesuits.org\/es\/"},{"@type":"ListItem","position":2,"name":"Acerca de nosotros","item":"https:\/\/www.jesuits.org\/es\/acerca-de-nosotros\/"},{"@type":"ListItem","position":3,"name":"Jesuitas del mundo entero"}]},{"@type":"WebSite","@id":"https:\/\/www.jesuits.org\/es\/#website","url":"https:\/\/www.jesuits.org\/es\/","name":"ÃÛÌÒÊÓÆµ.org","description":"Welcome to the Society of Jesus in Canada and the United States","potentialAction":[{"@type":"SearchAction","target":{"@type":"EntryPoint","urlTemplate":"https:\/\/www.jesuits.org\/es\/?s={search_term_string}"},"query-input":{"@type":"PropertyValueSpecification","valueRequired":true,"valueName":"search_term_string"}}],"inLanguage":"es"}]}},"_links":{"self":[{"href":"https:\/\/www.jesuits.org\/es\/wp-json\/wp\/v2\/pages\/19974","targetHints":{"allow":["GET"]}}],"collection":[{"href":"https:\/\/www.jesuits.org\/es\/wp-json\/wp\/v2\/pages"}],"about":[{"href":"https:\/\/www.jesuits.org\/es\/wp-json\/wp\/v2\/types\/page"}],"author":[{"embeddable":true,"href":"https:\/\/www.jesuits.org\/es\/wp-json\/wp\/v2\/users\/5"}],"replies":[{"embeddable":true,"href":"https:\/\/www.jesuits.org\/es\/wp-json\/wp\/v2\/comments?post=19974"}],"version-history":[{"count":0,"href":"https:\/\/www.jesuits.org\/es\/wp-json\/wp\/v2\/pages\/19974\/revisions"}],"up":[{"embeddable":true,"href":"https:\/\/www.jesuits.org\/es\/wp-json\/wp\/v2\/pages\/19919"}],"wp:attachment":[{"href":"https:\/\/www.jesuits.org\/es\/wp-json\/wp\/v2\/media?parent=19974"}],"curies":[{"name":"wp","href":"https:\/\/api.w.org\/{rel}","templated":true}]}}