  {"id":19964,"date":"2019-12-06T14:24:31","date_gmt":"2019-12-06T22:24:31","guid":{"rendered":"https:\/\/www.jesuits.org\/nosotros\/comunidad-global\/"},"modified":"2020-08-05T22:56:11","modified_gmt":"2020-08-06T05:56:11","slug":"comunidad-mundial","status":"publish","type":"page","link":"https:\/\/www.jesuits.org\/es\/acerca-de-nosotros\/comunidad-mundial\/","title":{"rendered":"Comunidad mundial"},"content":{"rendered":"\t\t<div data-elementor-type=\"wp-page\" data-elementor-id=\"19964\" class=\"elementor elementor-19964 elementor-19680\" data-elementor-post-type=\"page\">\n\t\t\t\t\t\t<section class=\"elementor-section elementor-top-section elementor-element elementor-element-d62a321 elementor-section-boxed elementor-section-height-default elementor-section-height-default\" data-id=\"d62a321\" data-element_type=\"section\" data-e-type=\"section\" data-settings=\"{&quot;background_background&quot;:&quot;classic&quot;,&quot;background_motion_fx_motion_fx_scrolling&quot;:&quot;yes&quot;,&quot;animation_mobile&quot;:&quot;none&quot;,&quot;jet_parallax_layout_list&quot;:[],&quot;background_motion_fx_devices&quot;:[&quot;desktop&quot;,&quot;tablet&quot;,&quot;mobile&quot;]}\">\n\t\t\t\t\t\t\t<div class=\"elementor-background-overlay\"><\/div>\n\t\t\t\t\t\t\t<div class=\"elementor-container elementor-column-gap-no\">\n\t\t\t\t\t<div class=\"elementor-column elementor-col-100 elementor-top-column elementor-element elementor-element-7ebc1772\" data-id=\"7ebc1772\" data-element_type=\"column\" data-e-type=\"column\" data-settings=\"{&quot;animation_mobile&quot;:&quot;none&quot;}\">\n\t\t\t<div class=\"elementor-widget-wrap elementor-element-populated\">\n\t\t\t\t\t\t<section class=\"elementor-section elementor-inner-section elementor-element elementor-element-1fd30390 elementor-section-boxed elementor-section-height-default elementor-section-height-default\" data-id=\"1fd30390\" data-element_type=\"section\" data-e-type=\"section\" data-settings=\"{&quot;animation_mobile&quot;:&quot;none&quot;,&quot;jet_parallax_layout_list&quot;:[]}\">\n\t\t\t\t\t\t<div class=\"elementor-container elementor-column-gap-default\">\n\t\t\t\t\t<div class=\"elementor-column elementor-col-100 elementor-inner-column elementor-element elementor-element-3b2e345f animated-fast elementor-invisible\" data-id=\"3b2e345f\" data-element_type=\"column\" data-e-type=\"column\" data-settings=\"{&quot;animation&quot;:&quot;fadeIn&quot;,&quot;animation_mobile&quot;:&quot;none&quot;,&quot;animation_delay&quot;:600}\">\n\t\t\t<div class=\"elementor-widget-wrap elementor-element-populated\">\n\t\t\t\t\t\t<div class=\"elementor-element elementor-element-7f303373 elementor-widget elementor-widget-heading\" data-id=\"7f303373\" data-element_type=\"widget\" data-e-type=\"widget\" data-widget_type=\"heading.default\">\n\t\t\t\t<div class=\"elementor-widget-container\">\n\t\t\t\t\t<h2 class=\"elementor-heading-title elementor-size-default\">Acerca de nosotros<\/h2>\t\t\t\t<\/div>\n\t\t\t\t<\/div>\n\t\t\t\t\t<\/div>\n\t\t<\/div>\n\t\t\t\t\t<\/div>\n\t\t<\/section>\n\t\t\t\t\t<\/div>\n\t\t<\/div>\n\t\t\t\t\t<\/div>\n\t\t<\/section>\n\t\t\t\t<section class=\"elementor-section elementor-top-section elementor-element elementor-element-ca72b03 elementor-section-boxed elementor-section-height-default elementor-section-height-default\" data-id=\"ca72b03\" data-element_type=\"section\" data-e-type=\"section\" data-settings=\"{&quot;background_background&quot;:&quot;classic&quot;,&quot;jet_parallax_layout_list&quot;:[]}\">\n\t\t\t\t\t\t\t<div class=\"elementor-background-overlay\"><\/div>\n\t\t\t\t\t\t\t<div class=\"elementor-container elementor-column-gap-no\">\n\t\t\t\t\t<div class=\"elementor-column elementor-col-50 elementor-top-column elementor-element elementor-element-301ddd1b\" data-id=\"301ddd1b\" data-element_type=\"column\" data-e-type=\"column\">\n\t\t\t<div class=\"elementor-widget-wrap elementor-element-populated\">\n\t\t\t\t\t\t<section class=\"elementor-section elementor-inner-section elementor-element elementor-element-36216cfb elementor-section-boxed elementor-section-height-default elementor-section-height-default\" data-id=\"36216cfb\" data-element_type=\"section\" data-e-type=\"section\" data-settings=\"{&quot;jet_parallax_layout_list&quot;:[]}\">\n\t\t\t\t\t\t<div class=\"elementor-container elementor-column-gap-default\">\n\t\t\t\t\t<div class=\"elementor-column elementor-col-100 elementor-inner-column elementor-element elementor-element-65c1a297 banner-text-red elementor-invisible\" data-id=\"65c1a297\" data-element_type=\"column\" data-e-type=\"column\" data-settings=\"{&quot;animation&quot;:&quot;fadeIn&quot;,&quot;animation_delay&quot;:100,&quot;animation_mobile&quot;:&quot;none&quot;}\">\n\t\t\t<div class=\"elementor-widget-wrap elementor-element-populated\">\n\t\t\t\t\t\t<div class=\"elementor-element elementor-element-275a3c9 elementor-widget elementor-widget-heading\" data-id=\"275a3c9\" data-element_type=\"widget\" data-e-type=\"widget\" data-settings=\"{&quot;_animation_mobile&quot;:&quot;none&quot;}\" data-widget_type=\"heading.default\">\n\t\t\t\t<div class=\"elementor-widget-container\">\n\t\t\t\t\t<h1 class=\"elementor-heading-title elementor-size-default\">Comunidad mundial<\/h1>\t\t\t\t<\/div>\n\t\t\t\t<\/div>\n\t\t\t\t\t<\/div>\n\t\t<\/div>\n\t\t\t\t\t<\/div>\n\t\t<\/section>\n\t\t\t\t<section class=\"elementor-section elementor-inner-section elementor-element elementor-element-a5622b4 elementor-section-boxed elementor-section-height-default elementor-section-height-default\" data-id=\"a5622b4\" data-element_type=\"section\" data-e-type=\"section\" data-settings=\"{&quot;jet_parallax_layout_list&quot;:[]}\">\n\t\t\t\t\t\t<div class=\"elementor-container elementor-column-gap-default\">\n\t\t\t\t\t<div class=\"elementor-column elementor-col-100 elementor-inner-column elementor-element elementor-element-45cb682\" data-id=\"45cb682\" data-element_type=\"column\" data-e-type=\"column\">\n\t\t\t<div class=\"elementor-widget-wrap elementor-element-populated\">\n\t\t\t\t\t\t<div class=\"elementor-element elementor-element-28705983 elementor-widget elementor-widget-text-editor\" data-id=\"28705983\" data-element_type=\"widget\" data-e-type=\"widget\" data-widget_type=\"text-editor.default\">\n\t\t\t\t<div class=\"elementor-widget-container\">\n\t\t\t\t\t\t\t\t\t<div class=\"page_content-Caption\"><p>Aunque est\u00e1 organizada en diferentes jurisdicciones locales y nacionales, la Compa\u00f1\u00eda de Jes\u00fas es esencialmente una comunidad mundial.<\/p><p>Los 16,000 y pico de jesuitas en el mundo entero proceden de 112 pa\u00edses y pertenecen a aproximadamente 80 provincias, pero la orden tiene \u201cun car\u00e1cter universal que trasciende\u201d estas fronteras, seg\u00fan una declaraci\u00f3n jesuita oficial. Somos llamados para \u201cir a cualquier parte en cualquier frontera geogr\u00e1fica y cultural donde exista la necesidad de trabajar con Cristo\u201d para la gloria de Dios.<\/p><p>Estamos unidos en nuestra diversidad nuestra mira es cada vez mayor a escala mundial.<\/p><p>\u201cEl mundo es nuestra casa\u201d dijo uno de los primeros jesuitas, Jerome Nadal. Se refer\u00eda, en un nivel, al mundo fuera de las iglesias y monasterios, pero tambi\u00e9n a las multitudes del pueblo de Dios y la expansi\u00f3n de las culturas humanas. Como explicaron los l\u00edderes jesuitas en su Congregaci\u00f3n General en 2008, \u201cEl mundo entero se convierte en el objeto de nuestro inter\u00e9s y preocupaci\u00f3n\u201d.<\/p><p>Como orden misionera, los jesuitas canadienses y estadounidenses y sus asociados laicos siguen avanzando en esa casa mundial.<\/p><p>Estamos trabajando con nuestras contrapartes en \u00c1frica para abordar las causas estructurales de la guerra y los disturbios a trav\u00e9s de programas como el Instituto Hekima de Estudios de Paz en Nairobi, Kenya.\u00a0 Estamos colaborando con los jesuitas de India para ayudar a cultivar una cultura de di\u00e1logo y reconciliaci\u00f3n entre las religiones en ese pa\u00eds. Estamos organizando ayuda y apoyo pastoral para los refugiados iraqu\u00edes que han llegado a Jordania, reubicados por agencias como el <u>Servicio jesuita para refugiados.<\/u><\/p><p>Colaboramos con educadores, trabajadores pastorales, profesionales de la salud, ecologistas, y muchos otros a trav\u00e9s de los continentes.<\/p><\/div>\t\t\t\t\t\t\t\t<\/div>\n\t\t\t\t<\/div>\n\t\t\t\t\t<\/div>\n\t\t<\/div>\n\t\t\t\t\t<\/div>\n\t\t<\/section>\n\t\t\t\t\t<\/div>\n\t\t<\/div>\n\t\t\t\t<div class=\"elementor-column elementor-col-50 elementor-top-column elementor-element elementor-element-8340a2d\" data-id=\"8340a2d\" data-element_type=\"column\" data-e-type=\"column\">\n\t\t\t<div class=\"elementor-widget-wrap\">\n\t\t\t\t\t\t\t<\/div>\n\t\t<\/div>\n\t\t\t\t\t<\/div>\n\t\t<\/section>\n\t\t\t\t<\/div>\n\t\t","protected":false},"excerpt":{"rendered":"<p>Acerca de nosotros Comunidad mundial Aunque est\u00e1 organizada en diferentes jurisdicciones locales y nacionales, la Compa\u00f1\u00eda de Jes\u00fas es esencialmente una comunidad mundial. Los 16,000 y pico de jesuitas en el mundo entero proceden de 112 pa\u00edses y pertenecen a aproximadamente 80 provincias, pero la orden tiene \u201cun car\u00e1cter universal que trasciende\u201d estas fronteras, seg\u00fan [&hellip;]<\/p>\n","protected":false},"author":5,"featured_media":0,"parent":19919,"menu_order":40,"comment_status":"closed","ping_status":"closed","template":"elementor_header_footer","meta":{"_acf_changed":false,"pmpro_default_level":"","_monsterinsights_skip_tracking":false,"_monsterinsights_sitenote_active":false,"_monsterinsights_sitenote_note":"","_monsterinsights_sitenote_category":0,"footnotes":"","_links_to":"","_links_to_target":""},"class_list":["post-19964","page","type-page","status-publish","hentry","pmpro-has-access"],"acf":[],"yoast_head":"<!-- This site is optimized with the Yoast SEO plugin v27.3 - https:\/\/yoast.com\/product\/yoast-seo-wordpress\/ -->\n<title>Comunidad mundial - ÃÛÌÒÊÓÆµ.org<\/title>\n<meta name=\"robots\" content=\"index, follow, max-snippet:-1, max-image-preview:large, max-video-preview:-1\" \/>\n<link rel=\"canonical\" href=\"https:\/\/www.jesuits.org\/es\/acerca-de-nosotros\/comunidad-mundial\/\" \/>\n<meta property=\"og:locale\" content=\"es_ES\" \/>\n<meta property=\"og:type\" content=\"article\" \/>\n<meta property=\"og:title\" content=\"Comunidad mundial - ÃÛÌÒÊÓÆµ.org\" \/>\n<meta property=\"og:description\" content=\"Acerca de nosotros Comunidad mundial Aunque est\u00e1 organizada en diferentes jurisdicciones locales y nacionales, la Compa\u00f1\u00eda de Jes\u00fas es esencialmente una comunidad mundial. Los 16,000 y pico de jesuitas en el mundo entero proceden de 112 pa\u00edses y pertenecen a aproximadamente 80 provincias, pero la orden tiene \u201cun car\u00e1cter universal que trasciende\u201d estas fronteras, seg\u00fan [&hellip;]\" \/>\n<meta property=\"og:url\" content=\"https:\/\/www.jesuits.org\/es\/acerca-de-nosotros\/comunidad-mundial\/\" \/>\n<meta property=\"og:site_name\" content=\"ÃÛÌÒÊÓÆµ.org\" \/>\n<meta property=\"article:modified_time\" content=\"2020-08-06T05:56:11+00:00\" \/>\n<meta name=\"twitter:card\" content=\"summary_large_image\" \/>\n<meta name=\"twitter:label1\" content=\"Tiempo de lectura\" \/>\n\t<meta name=\"twitter:data1\" content=\"2 minutos\" \/>\n<script type=\"application\/ld+json\" class=\"yoast-schema-graph\">{\"@context\":\"https:\\\/\\\/schema.org\",\"@graph\":[{\"@type\":\"WebPage\",\"@id\":\"https:\\\/\\\/www.jesuits.org\\\/es\\\/acerca-de-nosotros\\\/comunidad-mundial\\\/\",\"url\":\"https:\\\/\\\/www.jesuits.org\\\/es\\\/acerca-de-nosotros\\\/comunidad-mundial\\\/\",\"name\":\"Comunidad mundial - ÃÛÌÒÊÓÆµ.org\",\"isPartOf\":{\"@id\":\"https:\\\/\\\/www.jesuits.org\\\/es\\\/#website\"},\"datePublished\":\"2019-12-06T22:24:31+00:00\",\"dateModified\":\"2020-08-06T05:56:11+00:00\",\"breadcrumb\":{\"@id\":\"https:\\\/\\\/www.jesuits.org\\\/es\\\/acerca-de-nosotros\\\/comunidad-mundial\\\/#breadcrumb\"},\"inLanguage\":\"es\",\"potentialAction\":[{\"@type\":\"ReadAction\",\"target\":[\"https:\\\/\\\/www.jesuits.org\\\/es\\\/acerca-de-nosotros\\\/comunidad-mundial\\\/\"]}]},{\"@type\":\"BreadcrumbList\",\"@id\":\"https:\\\/\\\/www.jesuits.org\\\/es\\\/acerca-de-nosotros\\\/comunidad-mundial\\\/#breadcrumb\",\"itemListElement\":[{\"@type\":\"ListItem\",\"position\":1,\"name\":\"Home\",\"item\":\"https:\\\/\\\/www.jesuits.org\\\/es\\\/\"},{\"@type\":\"ListItem\",\"position\":2,\"name\":\"Acerca de nosotros\",\"item\":\"https:\\\/\\\/www.jesuits.org\\\/es\\\/acerca-de-nosotros\\\/\"},{\"@type\":\"ListItem\",\"position\":3,\"name\":\"Comunidad mundial\"}]},{\"@type\":\"WebSite\",\"@id\":\"https:\\\/\\\/www.jesuits.org\\\/es\\\/#website\",\"url\":\"https:\\\/\\\/www.jesuits.org\\\/es\\\/\",\"name\":\"ÃÛÌÒÊÓÆµ.org\",\"description\":\"Welcome to the Society of Jesus in Canada and the United States\",\"potentialAction\":[{\"@type\":\"SearchAction\",\"target\":{\"@type\":\"EntryPoint\",\"urlTemplate\":\"https:\\\/\\\/www.jesuits.org\\\/es\\\/?s={search_term_string}\"},\"query-input\":{\"@type\":\"PropertyValueSpecification\",\"valueRequired\":true,\"valueName\":\"search_term_string\"}}],\"inLanguage\":\"es\"}]}<\/script>\n<!-- \/ Yoast SEO plugin. -->","yoast_head_json":{"title":"Comunidad mundial - ÃÛÌÒÊÓÆµ.org","robots":{"index":"index","follow":"follow","max-snippet":"max-snippet:-1","max-image-preview":"max-image-preview:large","max-video-preview":"max-video-preview:-1"},"canonical":"https:\/\/www.jesuits.org\/es\/acerca-de-nosotros\/comunidad-mundial\/","og_locale":"es_ES","og_type":"article","og_title":"Comunidad mundial - ÃÛÌÒÊÓÆµ.org","og_description":"Acerca de nosotros Comunidad mundial Aunque est\u00e1 organizada en diferentes jurisdicciones locales y nacionales, la Compa\u00f1\u00eda de Jes\u00fas es esencialmente una comunidad mundial. Los 16,000 y pico de jesuitas en el mundo entero proceden de 112 pa\u00edses y pertenecen a aproximadamente 80 provincias, pero la orden tiene \u201cun car\u00e1cter universal que trasciende\u201d estas fronteras, seg\u00fan [&hellip;]","og_url":"https:\/\/www.jesuits.org\/es\/acerca-de-nosotros\/comunidad-mundial\/","og_site_name":"ÃÛÌÒÊÓÆµ.org","article_modified_time":"2020-08-06T05:56:11+00:00","twitter_card":"summary_large_image","twitter_misc":{"Tiempo de lectura":"2 minutos"},"schema":{"@context":"https:\/\/schema.org","@graph":[{"@type":"WebPage","@id":"https:\/\/www.jesuits.org\/es\/acerca-de-nosotros\/comunidad-mundial\/","url":"https:\/\/www.jesuits.org\/es\/acerca-de-nosotros\/comunidad-mundial\/","name":"Comunidad mundial - ÃÛÌÒÊÓÆµ.org","isPartOf":{"@id":"https:\/\/www.jesuits.org\/es\/#website"},"datePublished":"2019-12-06T22:24:31+00:00","dateModified":"2020-08-06T05:56:11+00:00","breadcrumb":{"@id":"https:\/\/www.jesuits.org\/es\/acerca-de-nosotros\/comunidad-mundial\/#breadcrumb"},"inLanguage":"es","potentialAction":[{"@type":"ReadAction","target":["https:\/\/www.jesuits.org\/es\/acerca-de-nosotros\/comunidad-mundial\/"]}]},{"@type":"BreadcrumbList","@id":"https:\/\/www.jesuits.org\/es\/acerca-de-nosotros\/comunidad-mundial\/#breadcrumb","itemListElement":[{"@type":"ListItem","position":1,"name":"Home","item":"https:\/\/www.jesuits.org\/es\/"},{"@type":"ListItem","position":2,"name":"Acerca de nosotros","item":"https:\/\/www.jesuits.org\/es\/acerca-de-nosotros\/"},{"@type":"ListItem","position":3,"name":"Comunidad mundial"}]},{"@type":"WebSite","@id":"https:\/\/www.jesuits.org\/es\/#website","url":"https:\/\/www.jesuits.org\/es\/","name":"ÃÛÌÒÊÓÆµ.org","description":"Welcome to the Society of Jesus in Canada and the United States","potentialAction":[{"@type":"SearchAction","target":{"@type":"EntryPoint","urlTemplate":"https:\/\/www.jesuits.org\/es\/?s={search_term_string}"},"query-input":{"@type":"PropertyValueSpecification","valueRequired":true,"valueName":"search_term_string"}}],"inLanguage":"es"}]}},"_links":{"self":[{"href":"https:\/\/www.jesuits.org\/es\/wp-json\/wp\/v2\/pages\/19964","targetHints":{"allow":["GET"]}}],"collection":[{"href":"https:\/\/www.jesuits.org\/es\/wp-json\/wp\/v2\/pages"}],"about":[{"href":"https:\/\/www.jesuits.org\/es\/wp-json\/wp\/v2\/types\/page"}],"author":[{"embeddable":true,"href":"https:\/\/www.jesuits.org\/es\/wp-json\/wp\/v2\/users\/5"}],"replies":[{"embeddable":true,"href":"https:\/\/www.jesuits.org\/es\/wp-json\/wp\/v2\/comments?post=19964"}],"version-history":[{"count":0,"href":"https:\/\/www.jesuits.org\/es\/wp-json\/wp\/v2\/pages\/19964\/revisions"}],"up":[{"embeddable":true,"href":"https:\/\/www.jesuits.org\/es\/wp-json\/wp\/v2\/pages\/19919"}],"wp:attachment":[{"href":"https:\/\/www.jesuits.org\/es\/wp-json\/wp\/v2\/media?parent=19964"}],"curies":[{"name":"wp","href":"https:\/\/api.w.org\/{rel}","templated":true}]}}