  {"id":19937,"date":"2019-12-06T13:45:50","date_gmt":"2019-12-06T21:45:50","guid":{"rendered":"https:\/\/www.jesuits.org\/nosotros\/mision-y-ministerios\/"},"modified":"2020-08-05T21:36:08","modified_gmt":"2020-08-06T04:36:08","slug":"mision-y-ministerios","status":"publish","type":"page","link":"https:\/\/www.jesuits.org\/es\/acerca-de-nosotros\/mision-y-ministerios\/","title":{"rendered":"Misi\u00f3n y Ministerios"},"content":{"rendered":"\t\t<div data-elementor-type=\"wp-page\" data-elementor-id=\"19937\" class=\"elementor elementor-19937 elementor-19622\" data-elementor-post-type=\"page\">\n\t\t\t\t\t\t<section class=\"elementor-section elementor-top-section elementor-element elementor-element-19518a09 elementor-section-boxed elementor-section-height-default elementor-section-height-default\" data-id=\"19518a09\" data-element_type=\"section\" data-e-type=\"section\" data-settings=\"{&quot;background_background&quot;:&quot;classic&quot;,&quot;background_motion_fx_motion_fx_scrolling&quot;:&quot;yes&quot;,&quot;animation_mobile&quot;:&quot;none&quot;,&quot;jet_parallax_layout_list&quot;:[],&quot;background_motion_fx_devices&quot;:[&quot;desktop&quot;,&quot;tablet&quot;,&quot;mobile&quot;]}\">\n\t\t\t\t\t\t\t<div class=\"elementor-background-overlay\"><\/div>\n\t\t\t\t\t\t\t<div class=\"elementor-container elementor-column-gap-no\">\n\t\t\t\t\t<div class=\"elementor-column elementor-col-100 elementor-top-column elementor-element elementor-element-41f477f7\" data-id=\"41f477f7\" data-element_type=\"column\" data-e-type=\"column\" data-settings=\"{&quot;animation_mobile&quot;:&quot;none&quot;}\">\n\t\t\t<div class=\"elementor-widget-wrap elementor-element-populated\">\n\t\t\t\t\t\t<section class=\"elementor-section elementor-inner-section elementor-element elementor-element-5bc3995a elementor-section-boxed elementor-section-height-default elementor-section-height-default\" data-id=\"5bc3995a\" data-element_type=\"section\" data-e-type=\"section\" data-settings=\"{&quot;animation_mobile&quot;:&quot;none&quot;,&quot;jet_parallax_layout_list&quot;:[]}\">\n\t\t\t\t\t\t<div class=\"elementor-container elementor-column-gap-default\">\n\t\t\t\t\t<div class=\"elementor-column elementor-col-100 elementor-inner-column elementor-element elementor-element-5f990393 animated-fast elementor-invisible\" data-id=\"5f990393\" data-element_type=\"column\" data-e-type=\"column\" data-settings=\"{&quot;animation&quot;:&quot;fadeIn&quot;,&quot;animation_mobile&quot;:&quot;none&quot;,&quot;animation_delay&quot;:600}\">\n\t\t\t<div class=\"elementor-widget-wrap elementor-element-populated\">\n\t\t\t\t\t\t<div class=\"elementor-element elementor-element-6084ad72 elementor-widget elementor-widget-heading\" data-id=\"6084ad72\" data-element_type=\"widget\" data-e-type=\"widget\" data-widget_type=\"heading.default\">\n\t\t\t\t<div class=\"elementor-widget-container\">\n\t\t\t\t\t<h2 class=\"elementor-heading-title elementor-size-default\">Acerca de nosotros<\/h2>\t\t\t\t<\/div>\n\t\t\t\t<\/div>\n\t\t\t\t\t<\/div>\n\t\t<\/div>\n\t\t\t\t\t<\/div>\n\t\t<\/section>\n\t\t\t\t\t<\/div>\n\t\t<\/div>\n\t\t\t\t\t<\/div>\n\t\t<\/section>\n\t\t\t\t<section class=\"elementor-section elementor-top-section elementor-element elementor-element-35cb4300 elementor-section-boxed elementor-section-height-default elementor-section-height-default\" data-id=\"35cb4300\" data-element_type=\"section\" data-e-type=\"section\" data-settings=\"{&quot;background_background&quot;:&quot;classic&quot;,&quot;jet_parallax_layout_list&quot;:[]}\">\n\t\t\t\t\t\t\t<div class=\"elementor-background-overlay\"><\/div>\n\t\t\t\t\t\t\t<div class=\"elementor-container elementor-column-gap-no\">\n\t\t\t\t\t<div class=\"elementor-column elementor-col-50 elementor-top-column elementor-element elementor-element-bd1a03f\" data-id=\"bd1a03f\" data-element_type=\"column\" data-e-type=\"column\">\n\t\t\t<div class=\"elementor-widget-wrap elementor-element-populated\">\n\t\t\t\t\t\t<section class=\"elementor-section elementor-inner-section elementor-element elementor-element-5e40539f elementor-section-boxed elementor-section-height-default elementor-section-height-default\" data-id=\"5e40539f\" data-element_type=\"section\" data-e-type=\"section\" data-settings=\"{&quot;jet_parallax_layout_list&quot;:[]}\">\n\t\t\t\t\t\t<div class=\"elementor-container elementor-column-gap-default\">\n\t\t\t\t\t<div class=\"elementor-column elementor-col-100 elementor-inner-column elementor-element elementor-element-6425ac5f banner-text-red elementor-invisible\" data-id=\"6425ac5f\" data-element_type=\"column\" data-e-type=\"column\" data-settings=\"{&quot;animation&quot;:&quot;fadeIn&quot;,&quot;animation_delay&quot;:100,&quot;animation_mobile&quot;:&quot;none&quot;}\">\n\t\t\t<div class=\"elementor-widget-wrap elementor-element-populated\">\n\t\t\t\t\t\t<div class=\"elementor-element elementor-element-24caa634 elementor-widget elementor-widget-heading\" data-id=\"24caa634\" data-element_type=\"widget\" data-e-type=\"widget\" data-settings=\"{&quot;_animation_mobile&quot;:&quot;none&quot;}\" data-widget_type=\"heading.default\">\n\t\t\t\t<div class=\"elementor-widget-container\">\n\t\t\t\t\t<h1 class=\"elementor-heading-title elementor-size-default\">Misi\u00f3n y ministerios<\/h1>\t\t\t\t<\/div>\n\t\t\t\t<\/div>\n\t\t\t\t\t<\/div>\n\t\t<\/div>\n\t\t\t\t\t<\/div>\n\t\t<\/section>\n\t\t\t\t<section class=\"elementor-section elementor-inner-section elementor-element elementor-element-b5dbd3d elementor-section-boxed elementor-section-height-default elementor-section-height-default\" data-id=\"b5dbd3d\" data-element_type=\"section\" data-e-type=\"section\" data-settings=\"{&quot;jet_parallax_layout_list&quot;:[]}\">\n\t\t\t\t\t\t<div class=\"elementor-container elementor-column-gap-default\">\n\t\t\t\t\t<div class=\"elementor-column elementor-col-100 elementor-inner-column elementor-element elementor-element-2f8852a9\" data-id=\"2f8852a9\" data-element_type=\"column\" data-e-type=\"column\">\n\t\t\t<div class=\"elementor-widget-wrap elementor-element-populated\">\n\t\t\t\t\t\t<div class=\"elementor-element elementor-element-4ec0e026 elementor-widget elementor-widget-text-editor\" data-id=\"4ec0e026\" data-element_type=\"widget\" data-e-type=\"widget\" data-widget_type=\"text-editor.default\">\n\t\t\t\t<div class=\"elementor-widget-container\">\n\t\t\t\t\t\t\t\t\t<p>Fe, justicia y solidaridad con los pobres y los excluidos son los elementos centrales de la misi\u00f3n jesuita de reconciliaci\u00f3n. En el <strong><em>Decreto 1: Compa\u00f1eros en una misi\u00f3n de reconciliaci\u00f3n y justicia<\/em><\/strong>, la Congregaci\u00f3n General 36 de los jesuitas dijo: \u201cEn vez de preguntarnos lo que debemos hacer, buscamos entender la forma en que Dios nos invita a nosotros, y a tantas personas de buena voluntad, a compartir esa gran labor\u201d.<\/p><p>La obra de reconciliaci\u00f3n de los jesuitas tiene tres vertientes: con Dios, con la humanidad y con la creaci\u00f3n. Aunque hablamos de tres formas de reconciliaci\u00f3n, las tres son realmente una obra de Dios, interconectada e inseparable.<\/p><p>Nuestros ministerios se extienden a trav\u00e9s de un mundo de necesidad humana: desde parroquias a prisiones, desde centros de retiro a reasentamientos de refugiados, desde escuelas a hospitales.<\/p><p>Y cuando hablamos de \u201cnuestros\u201d ministerios, nos referimos no solo a aqu\u00e9llos con la \u201cS.J.\u201d despu\u00e9s de sus nombres, los miembros consagrados de la Compa\u00f1\u00eda de Jes\u00fas. Un grupo creciente de personas laicas tambi\u00e9n est\u00e1 participando en nuestras obras, ayudando a encauzar nuestras instituciones como colaboradores en la misi\u00f3n.<\/p><p>Colaboramos porque vemos a Cristo en los dem\u00e1s. La colaboraci\u00f3n es el coraz\u00f3n de la misi\u00f3n jesuita contempor\u00e1nea.<\/p><p>Para todas las personas animadas por la visi\u00f3n jesuita, el ministerio es una aventura. Nuestro fundador, Ignacio de Loyola, capt\u00f3 este esp\u00edritu cuando envi\u00f3 a su buen amigo, Francisco Javier, a una misi\u00f3n en el Lejano Oeste. Ignacio le dijo: \u201c\u00a1Ve y prende fuego al mundo!\u201d.<\/p><p>Eso es lo que les decimos a los j\u00f3venes en nuestras escuelas superiores, intermedias, colegios y universidades. Es lo que le decimos a las personas de negocio y otras que participan en nuestros m\u00faltiples programas vinculando la espiritualidad con las vocaciones profesionales. Y es el esp\u00edritu detr\u00e1s de nuestros ministerios, que con frecuencia se expresa en una frase que se ha relacionado desde hace tiempo con nuestra orden: Ad Maiorem Dei Gloriam (\u201cPara la mayor gloria de Dios\u201d), a menudo abreviada como AMDG.<\/p>\t\t\t\t\t\t\t\t<\/div>\n\t\t\t\t<\/div>\n\t\t\t\t\t<\/div>\n\t\t<\/div>\n\t\t\t\t\t<\/div>\n\t\t<\/section>\n\t\t\t\t\t<\/div>\n\t\t<\/div>\n\t\t\t\t<div class=\"elementor-column elementor-col-50 elementor-top-column elementor-element elementor-element-27d6d2de\" data-id=\"27d6d2de\" data-element_type=\"column\" data-e-type=\"column\">\n\t\t\t<div class=\"elementor-widget-wrap\">\n\t\t\t\t\t\t\t<\/div>\n\t\t<\/div>\n\t\t\t\t\t<\/div>\n\t\t<\/section>\n\t\t\t\t<\/div>\n\t\t","protected":false},"excerpt":{"rendered":"<p>Acerca de nosotros Misi\u00f3n y ministerios Fe, justicia y solidaridad con los pobres y los excluidos son los elementos centrales de la misi\u00f3n jesuita de reconciliaci\u00f3n. En el Decreto 1: Compa\u00f1eros en una misi\u00f3n de reconciliaci\u00f3n y justicia, la Congregaci\u00f3n General 36 de los jesuitas dijo: \u201cEn vez de preguntarnos lo que debemos hacer, buscamos [&hellip;]<\/p>\n","protected":false},"author":5,"featured_media":0,"parent":19919,"menu_order":20,"comment_status":"closed","ping_status":"closed","template":"elementor_header_footer","meta":{"_acf_changed":false,"pmpro_default_level":"","_monsterinsights_skip_tracking":false,"_monsterinsights_sitenote_active":false,"_monsterinsights_sitenote_note":"","_monsterinsights_sitenote_category":0,"footnotes":"","_links_to":"","_links_to_target":""},"class_list":["post-19937","page","type-page","status-publish","hentry","pmpro-has-access"],"acf":[],"yoast_head":"<!-- This site is optimized with the Yoast SEO plugin v27.3 - https:\/\/yoast.com\/product\/yoast-seo-wordpress\/ -->\n<title>Misi\u00f3n y Ministerios - ÃÛÌÒÊÓÆµ.org<\/title>\n<meta name=\"robots\" content=\"index, follow, max-snippet:-1, max-image-preview:large, max-video-preview:-1\" \/>\n<link rel=\"canonical\" href=\"https:\/\/www.jesuits.org\/es\/acerca-de-nosotros\/mision-y-ministerios\/\" \/>\n<meta property=\"og:locale\" content=\"es_ES\" \/>\n<meta property=\"og:type\" content=\"article\" \/>\n<meta property=\"og:title\" content=\"Misi\u00f3n y Ministerios - ÃÛÌÒÊÓÆµ.org\" \/>\n<meta property=\"og:description\" content=\"Acerca de nosotros Misi\u00f3n y ministerios Fe, justicia y solidaridad con los pobres y los excluidos son los elementos centrales de la misi\u00f3n jesuita de reconciliaci\u00f3n. En el Decreto 1: Compa\u00f1eros en una misi\u00f3n de reconciliaci\u00f3n y justicia, la Congregaci\u00f3n General 36 de los jesuitas dijo: \u201cEn vez de preguntarnos lo que debemos hacer, buscamos [&hellip;]\" \/>\n<meta property=\"og:url\" content=\"https:\/\/www.jesuits.org\/es\/acerca-de-nosotros\/mision-y-ministerios\/\" \/>\n<meta property=\"og:site_name\" content=\"ÃÛÌÒÊÓÆµ.org\" \/>\n<meta property=\"article:modified_time\" content=\"2020-08-06T04:36:08+00:00\" \/>\n<meta name=\"twitter:card\" content=\"summary_large_image\" \/>\n<meta name=\"twitter:label1\" content=\"Tiempo de lectura\" \/>\n\t<meta name=\"twitter:data1\" content=\"2 minutos\" \/>\n<script type=\"application\/ld+json\" class=\"yoast-schema-graph\">{\"@context\":\"https:\\\/\\\/schema.org\",\"@graph\":[{\"@type\":\"WebPage\",\"@id\":\"https:\\\/\\\/www.jesuits.org\\\/es\\\/acerca-de-nosotros\\\/mision-y-ministerios\\\/\",\"url\":\"https:\\\/\\\/www.jesuits.org\\\/es\\\/acerca-de-nosotros\\\/mision-y-ministerios\\\/\",\"name\":\"Misi\u00f3n y Ministerios - ÃÛÌÒÊÓÆµ.org\",\"isPartOf\":{\"@id\":\"https:\\\/\\\/www.jesuits.org\\\/es\\\/#website\"},\"datePublished\":\"2019-12-06T21:45:50+00:00\",\"dateModified\":\"2020-08-06T04:36:08+00:00\",\"breadcrumb\":{\"@id\":\"https:\\\/\\\/www.jesuits.org\\\/es\\\/acerca-de-nosotros\\\/mision-y-ministerios\\\/#breadcrumb\"},\"inLanguage\":\"es\",\"potentialAction\":[{\"@type\":\"ReadAction\",\"target\":[\"https:\\\/\\\/www.jesuits.org\\\/es\\\/acerca-de-nosotros\\\/mision-y-ministerios\\\/\"]}]},{\"@type\":\"BreadcrumbList\",\"@id\":\"https:\\\/\\\/www.jesuits.org\\\/es\\\/acerca-de-nosotros\\\/mision-y-ministerios\\\/#breadcrumb\",\"itemListElement\":[{\"@type\":\"ListItem\",\"position\":1,\"name\":\"Home\",\"item\":\"https:\\\/\\\/www.jesuits.org\\\/es\\\/\"},{\"@type\":\"ListItem\",\"position\":2,\"name\":\"Acerca de nosotros\",\"item\":\"https:\\\/\\\/www.jesuits.org\\\/es\\\/acerca-de-nosotros\\\/\"},{\"@type\":\"ListItem\",\"position\":3,\"name\":\"Misi\u00f3n y Ministerios\"}]},{\"@type\":\"WebSite\",\"@id\":\"https:\\\/\\\/www.jesuits.org\\\/es\\\/#website\",\"url\":\"https:\\\/\\\/www.jesuits.org\\\/es\\\/\",\"name\":\"ÃÛÌÒÊÓÆµ.org\",\"description\":\"Welcome to the Society of Jesus in Canada and the United States\",\"potentialAction\":[{\"@type\":\"SearchAction\",\"target\":{\"@type\":\"EntryPoint\",\"urlTemplate\":\"https:\\\/\\\/www.jesuits.org\\\/es\\\/?s={search_term_string}\"},\"query-input\":{\"@type\":\"PropertyValueSpecification\",\"valueRequired\":true,\"valueName\":\"search_term_string\"}}],\"inLanguage\":\"es\"}]}<\/script>\n<!-- \/ Yoast SEO plugin. -->","yoast_head_json":{"title":"Misi\u00f3n y Ministerios - ÃÛÌÒÊÓÆµ.org","robots":{"index":"index","follow":"follow","max-snippet":"max-snippet:-1","max-image-preview":"max-image-preview:large","max-video-preview":"max-video-preview:-1"},"canonical":"https:\/\/www.jesuits.org\/es\/acerca-de-nosotros\/mision-y-ministerios\/","og_locale":"es_ES","og_type":"article","og_title":"Misi\u00f3n y Ministerios - ÃÛÌÒÊÓÆµ.org","og_description":"Acerca de nosotros Misi\u00f3n y ministerios Fe, justicia y solidaridad con los pobres y los excluidos son los elementos centrales de la misi\u00f3n jesuita de reconciliaci\u00f3n. En el Decreto 1: Compa\u00f1eros en una misi\u00f3n de reconciliaci\u00f3n y justicia, la Congregaci\u00f3n General 36 de los jesuitas dijo: \u201cEn vez de preguntarnos lo que debemos hacer, buscamos [&hellip;]","og_url":"https:\/\/www.jesuits.org\/es\/acerca-de-nosotros\/mision-y-ministerios\/","og_site_name":"ÃÛÌÒÊÓÆµ.org","article_modified_time":"2020-08-06T04:36:08+00:00","twitter_card":"summary_large_image","twitter_misc":{"Tiempo de lectura":"2 minutos"},"schema":{"@context":"https:\/\/schema.org","@graph":[{"@type":"WebPage","@id":"https:\/\/www.jesuits.org\/es\/acerca-de-nosotros\/mision-y-ministerios\/","url":"https:\/\/www.jesuits.org\/es\/acerca-de-nosotros\/mision-y-ministerios\/","name":"Misi\u00f3n y Ministerios - ÃÛÌÒÊÓÆµ.org","isPartOf":{"@id":"https:\/\/www.jesuits.org\/es\/#website"},"datePublished":"2019-12-06T21:45:50+00:00","dateModified":"2020-08-06T04:36:08+00:00","breadcrumb":{"@id":"https:\/\/www.jesuits.org\/es\/acerca-de-nosotros\/mision-y-ministerios\/#breadcrumb"},"inLanguage":"es","potentialAction":[{"@type":"ReadAction","target":["https:\/\/www.jesuits.org\/es\/acerca-de-nosotros\/mision-y-ministerios\/"]}]},{"@type":"BreadcrumbList","@id":"https:\/\/www.jesuits.org\/es\/acerca-de-nosotros\/mision-y-ministerios\/#breadcrumb","itemListElement":[{"@type":"ListItem","position":1,"name":"Home","item":"https:\/\/www.jesuits.org\/es\/"},{"@type":"ListItem","position":2,"name":"Acerca de nosotros","item":"https:\/\/www.jesuits.org\/es\/acerca-de-nosotros\/"},{"@type":"ListItem","position":3,"name":"Misi\u00f3n y Ministerios"}]},{"@type":"WebSite","@id":"https:\/\/www.jesuits.org\/es\/#website","url":"https:\/\/www.jesuits.org\/es\/","name":"ÃÛÌÒÊÓÆµ.org","description":"Welcome to the Society of Jesus in Canada and the United States","potentialAction":[{"@type":"SearchAction","target":{"@type":"EntryPoint","urlTemplate":"https:\/\/www.jesuits.org\/es\/?s={search_term_string}"},"query-input":{"@type":"PropertyValueSpecification","valueRequired":true,"valueName":"search_term_string"}}],"inLanguage":"es"}]}},"_links":{"self":[{"href":"https:\/\/www.jesuits.org\/es\/wp-json\/wp\/v2\/pages\/19937","targetHints":{"allow":["GET"]}}],"collection":[{"href":"https:\/\/www.jesuits.org\/es\/wp-json\/wp\/v2\/pages"}],"about":[{"href":"https:\/\/www.jesuits.org\/es\/wp-json\/wp\/v2\/types\/page"}],"author":[{"embeddable":true,"href":"https:\/\/www.jesuits.org\/es\/wp-json\/wp\/v2\/users\/5"}],"replies":[{"embeddable":true,"href":"https:\/\/www.jesuits.org\/es\/wp-json\/wp\/v2\/comments?post=19937"}],"version-history":[{"count":0,"href":"https:\/\/www.jesuits.org\/es\/wp-json\/wp\/v2\/pages\/19937\/revisions"}],"up":[{"embeddable":true,"href":"https:\/\/www.jesuits.org\/es\/wp-json\/wp\/v2\/pages\/19919"}],"wp:attachment":[{"href":"https:\/\/www.jesuits.org\/es\/wp-json\/wp\/v2\/media?parent=19937"}],"curies":[{"name":"wp","href":"https:\/\/api.w.org\/{rel}","templated":true}]}}