  {"id":19929,"date":"2019-12-06T13:42:07","date_gmt":"2019-12-06T21:42:07","guid":{"rendered":"https:\/\/www.jesuits.org\/nosotros\/historia\/"},"modified":"2020-08-05T21:35:57","modified_gmt":"2020-08-06T04:35:57","slug":"historia","status":"publish","type":"page","link":"https:\/\/www.jesuits.org\/es\/acerca-de-nosotros\/historia\/","title":{"rendered":"Historia"},"content":{"rendered":"\t\t<div data-elementor-type=\"wp-page\" data-elementor-id=\"19929\" class=\"elementor elementor-19929 elementor-19618\" data-elementor-post-type=\"page\">\n\t\t\t\t\t\t<section class=\"elementor-section elementor-top-section elementor-element elementor-element-5e50f960 elementor-section-boxed elementor-section-height-default elementor-section-height-default\" data-id=\"5e50f960\" data-element_type=\"section\" data-e-type=\"section\" data-settings=\"{&quot;background_background&quot;:&quot;classic&quot;,&quot;background_motion_fx_motion_fx_scrolling&quot;:&quot;yes&quot;,&quot;animation_mobile&quot;:&quot;none&quot;,&quot;jet_parallax_layout_list&quot;:[],&quot;background_motion_fx_devices&quot;:[&quot;desktop&quot;,&quot;tablet&quot;,&quot;mobile&quot;]}\">\n\t\t\t\t\t\t\t<div class=\"elementor-background-overlay\"><\/div>\n\t\t\t\t\t\t\t<div class=\"elementor-container elementor-column-gap-no\">\n\t\t\t\t\t<div class=\"elementor-column elementor-col-100 elementor-top-column elementor-element elementor-element-380ab9b0\" data-id=\"380ab9b0\" data-element_type=\"column\" data-e-type=\"column\" data-settings=\"{&quot;animation_mobile&quot;:&quot;none&quot;}\">\n\t\t\t<div class=\"elementor-widget-wrap elementor-element-populated\">\n\t\t\t\t\t\t<section class=\"elementor-section elementor-inner-section elementor-element elementor-element-20c9e609 elementor-section-boxed elementor-section-height-default elementor-section-height-default\" data-id=\"20c9e609\" data-element_type=\"section\" data-e-type=\"section\" data-settings=\"{&quot;animation_mobile&quot;:&quot;none&quot;,&quot;jet_parallax_layout_list&quot;:[]}\">\n\t\t\t\t\t\t<div class=\"elementor-container elementor-column-gap-default\">\n\t\t\t\t\t<div class=\"elementor-column elementor-col-100 elementor-inner-column elementor-element elementor-element-37421f4 animated-fast elementor-invisible\" data-id=\"37421f4\" data-element_type=\"column\" data-e-type=\"column\" data-settings=\"{&quot;animation&quot;:&quot;fadeIn&quot;,&quot;animation_mobile&quot;:&quot;none&quot;,&quot;animation_delay&quot;:600}\">\n\t\t\t<div class=\"elementor-widget-wrap elementor-element-populated\">\n\t\t\t\t\t\t<div class=\"elementor-element elementor-element-69fa7f8 elementor-widget elementor-widget-heading\" data-id=\"69fa7f8\" data-element_type=\"widget\" data-e-type=\"widget\" data-widget_type=\"heading.default\">\n\t\t\t\t<div class=\"elementor-widget-container\">\n\t\t\t\t\t<h2 class=\"elementor-heading-title elementor-size-default\">Acerca de nosotros<\/h2>\t\t\t\t<\/div>\n\t\t\t\t<\/div>\n\t\t\t\t\t<\/div>\n\t\t<\/div>\n\t\t\t\t\t<\/div>\n\t\t<\/section>\n\t\t\t\t\t<\/div>\n\t\t<\/div>\n\t\t\t\t\t<\/div>\n\t\t<\/section>\n\t\t\t\t<section class=\"elementor-section elementor-top-section elementor-element elementor-element-5bab294b elementor-section-boxed elementor-section-height-default elementor-section-height-default\" data-id=\"5bab294b\" data-element_type=\"section\" data-e-type=\"section\" data-settings=\"{&quot;background_background&quot;:&quot;classic&quot;,&quot;jet_parallax_layout_list&quot;:[]}\">\n\t\t\t\t\t\t\t<div class=\"elementor-background-overlay\"><\/div>\n\t\t\t\t\t\t\t<div class=\"elementor-container elementor-column-gap-no\">\n\t\t\t\t\t<div class=\"elementor-column elementor-col-50 elementor-top-column elementor-element elementor-element-6a94996c\" data-id=\"6a94996c\" data-element_type=\"column\" data-e-type=\"column\">\n\t\t\t<div class=\"elementor-widget-wrap elementor-element-populated\">\n\t\t\t\t\t\t<section class=\"elementor-section elementor-inner-section elementor-element elementor-element-7af44e68 elementor-section-boxed elementor-section-height-default elementor-section-height-default\" data-id=\"7af44e68\" data-element_type=\"section\" data-e-type=\"section\" data-settings=\"{&quot;jet_parallax_layout_list&quot;:[]}\">\n\t\t\t\t\t\t<div class=\"elementor-container elementor-column-gap-default\">\n\t\t\t\t\t<div class=\"elementor-column elementor-col-100 elementor-inner-column elementor-element elementor-element-d7bee55 banner-text-red elementor-invisible\" data-id=\"d7bee55\" data-element_type=\"column\" data-e-type=\"column\" data-settings=\"{&quot;animation&quot;:&quot;fadeIn&quot;,&quot;animation_delay&quot;:100,&quot;animation_mobile&quot;:&quot;none&quot;}\">\n\t\t\t<div class=\"elementor-widget-wrap elementor-element-populated\">\n\t\t\t\t\t\t<div class=\"elementor-element elementor-element-51d13415 elementor-widget elementor-widget-heading\" data-id=\"51d13415\" data-element_type=\"widget\" data-e-type=\"widget\" data-settings=\"{&quot;_animation_mobile&quot;:&quot;none&quot;}\" data-widget_type=\"heading.default\">\n\t\t\t\t<div class=\"elementor-widget-container\">\n\t\t\t\t\t<h1 class=\"elementor-heading-title elementor-size-default\">Historia<\/h1>\t\t\t\t<\/div>\n\t\t\t\t<\/div>\n\t\t\t\t\t<\/div>\n\t\t<\/div>\n\t\t\t\t\t<\/div>\n\t\t<\/section>\n\t\t\t\t<section class=\"elementor-section elementor-inner-section elementor-element elementor-element-4fb4f8a7 elementor-section-boxed elementor-section-height-default elementor-section-height-default\" data-id=\"4fb4f8a7\" data-element_type=\"section\" data-e-type=\"section\" data-settings=\"{&quot;jet_parallax_layout_list&quot;:[]}\">\n\t\t\t\t\t\t<div class=\"elementor-container elementor-column-gap-default\">\n\t\t\t\t\t<div class=\"elementor-column elementor-col-100 elementor-inner-column elementor-element elementor-element-32d7b637\" data-id=\"32d7b637\" data-element_type=\"column\" data-e-type=\"column\">\n\t\t\t<div class=\"elementor-widget-wrap elementor-element-populated\">\n\t\t\t\t\t\t<div class=\"elementor-element elementor-element-2bdf57a1 elementor-widget elementor-widget-text-editor\" data-id=\"2bdf57a1\" data-element_type=\"widget\" data-e-type=\"widget\" data-widget_type=\"text-editor.default\">\n\t\t\t\t<div class=\"elementor-widget-container\">\n\t\t\t\t\t\t\t\t\t<div class=\"page_content-Caption\"><div class=\"page_content-Caption\"><p>Menos de un siglo despu\u00e9s de la fundaci\u00f3n de nuestra orden religiosa, los jesuitas comenzaron a llegar a las costas de Am\u00e9rica.<\/p><p>Los jesuitas franceses exploraron las tierras forestales de Maine y celebraron en 1611 la primera misa conocida en suelo americano, en la boca del r\u00edo Kennebec. Los jesuitas desembarcaron en\u00a0 Maryland en 1634 y establecieron una misi\u00f3n all\u00ed. M\u00e1s jesuitas franceses llegaron y navegaron en sus canoas por aguas inexploradas de los Grandes Lagos. Para la d\u00e9cada de 1860, los hombres en t\u00fanicas negras tambi\u00e9n llegaron de Espa\u00f1a y establecieron iglesias y pueblos en el sudoeste de los Estados Unidos. A mediados de la d\u00e9cada de 1800, los jesuitas comenzaron a dirigirse a pueblos de distintas culturas en Colorado, Montana y California.<\/p><p>Este per\u00edodo que se extiende hasta bien entrado el siglo XIX, por as\u00ed decirlo, la fase del Lejano Oeste de los jesuitas en Am\u00e9rica. Fue una \u00e9poca en la que estos sacerdotes y hermanos exploraron las fronteras de la fe, pregonando la Buena Nueva a los ind\u00edgenas americanos y los pioneros protestantes, y establecieron el primer colegio jesuita de los Estados Unidos en Georgetown en 1789. Tambi\u00e9n fue una \u00e9poca de martirio, supresi\u00f3n y persecuci\u00f3n.<\/p><p>Los jesuitas operaron por m\u00e1s de cien a\u00f1os en Am\u00e9rica bajo los auspicios de sus provincias nativas en Europa. Luego, en 1833, estos pioneros establecieron la Provincia de Maryland de los jesuitas; la primera en los Estados Unidos. Los colegios y universidades jesuitas entraron en un per\u00edodo de crecimiento explosivo mientras los jesuitas buscaban educar olas de inmigrantes. A principios de la d\u00e9cada de 1900, las provincias e instituciones jesuitas se multiplicaron por todo el pa\u00eds.<\/p><p>Hoy, los jesuitas americanos y canadienses siguen explorando nuevas fronteras. Juntos con nuestros colaboradores laicos estamos fomentando di\u00e1logos con las creencias religiosas no cristianas para el desarrollo del mundo, por ejemplo, y abriendo escuelas secundarias en los barrios m\u00e1s necesitados de las zonas urbanas de Am\u00e9rica. La misi\u00f3n sigue siendo la misma de hace 400 a\u00f1os: acercar a las personas y las culturas al Dios viviente.<\/p><\/div><\/div>\t\t\t\t\t\t\t\t<\/div>\n\t\t\t\t<\/div>\n\t\t\t\t\t<\/div>\n\t\t<\/div>\n\t\t\t\t\t<\/div>\n\t\t<\/section>\n\t\t\t\t\t<\/div>\n\t\t<\/div>\n\t\t\t\t<div class=\"elementor-column elementor-col-50 elementor-top-column elementor-element elementor-element-60045df9\" data-id=\"60045df9\" data-element_type=\"column\" data-e-type=\"column\">\n\t\t\t<div class=\"elementor-widget-wrap\">\n\t\t\t\t\t\t\t<\/div>\n\t\t<\/div>\n\t\t\t\t\t<\/div>\n\t\t<\/section>\n\t\t\t\t<\/div>\n\t\t","protected":false},"excerpt":{"rendered":"<p>Acerca de nosotros Menos de un siglo despu\u00e9s de la fundaci\u00f3n de nuestra orden religiosa, los jesuitas comenzaron a llegar a las costas de Am\u00e9rica. Los jesuitas franceses exploraron las tierras forestales de Maine y celebraron en 1611 la primera misa conocida en suelo americano, en la boca del r\u00edo Kennebec. Los jesuitas desembarcaron en\u00a0 [&hellip;]<\/p>\n","protected":false},"author":5,"featured_media":0,"parent":19919,"menu_order":10,"comment_status":"closed","ping_status":"closed","template":"elementor_header_footer","meta":{"_acf_changed":false,"pmpro_default_level":"","_monsterinsights_skip_tracking":false,"_monsterinsights_sitenote_active":false,"_monsterinsights_sitenote_note":"","_monsterinsights_sitenote_category":0,"footnotes":"","_links_to":"","_links_to_target":""},"class_list":["post-19929","page","type-page","status-publish","hentry","pmpro-has-access"],"acf":[],"yoast_head":"<!-- This site is optimized with the Yoast SEO plugin v27.3 - https:\/\/yoast.com\/product\/yoast-seo-wordpress\/ -->\n<title>Historia - ÃÛÌÒÊÓÆµ.org<\/title>\n<meta name=\"robots\" content=\"index, follow, max-snippet:-1, max-image-preview:large, max-video-preview:-1\" \/>\n<link rel=\"canonical\" href=\"https:\/\/www.jesuits.org\/es\/acerca-de-nosotros\/historia\/\" \/>\n<meta property=\"og:locale\" content=\"es_ES\" \/>\n<meta property=\"og:type\" content=\"article\" \/>\n<meta property=\"og:title\" content=\"Historia - ÃÛÌÒÊÓÆµ.org\" \/>\n<meta property=\"og:description\" content=\"Acerca de nosotros Menos de un siglo despu\u00e9s de la fundaci\u00f3n de nuestra orden religiosa, los jesuitas comenzaron a llegar a las costas de Am\u00e9rica. Los jesuitas franceses exploraron las tierras forestales de Maine y celebraron en 1611 la primera misa conocida en suelo americano, en la boca del r\u00edo Kennebec. Los jesuitas desembarcaron en\u00a0 [&hellip;]\" \/>\n<meta property=\"og:url\" content=\"https:\/\/www.jesuits.org\/es\/acerca-de-nosotros\/historia\/\" \/>\n<meta property=\"og:site_name\" content=\"ÃÛÌÒÊÓÆµ.org\" \/>\n<meta property=\"article:modified_time\" content=\"2020-08-06T04:35:57+00:00\" \/>\n<meta name=\"twitter:card\" content=\"summary_large_image\" \/>\n<meta name=\"twitter:label1\" content=\"Tiempo de lectura\" \/>\n\t<meta name=\"twitter:data1\" content=\"2 minutos\" \/>\n<script type=\"application\/ld+json\" class=\"yoast-schema-graph\">{\"@context\":\"https:\\\/\\\/schema.org\",\"@graph\":[{\"@type\":\"WebPage\",\"@id\":\"https:\\\/\\\/www.jesuits.org\\\/es\\\/acerca-de-nosotros\\\/historia\\\/\",\"url\":\"https:\\\/\\\/www.jesuits.org\\\/es\\\/acerca-de-nosotros\\\/historia\\\/\",\"name\":\"Historia - ÃÛÌÒÊÓÆµ.org\",\"isPartOf\":{\"@id\":\"https:\\\/\\\/www.jesuits.org\\\/es\\\/#website\"},\"datePublished\":\"2019-12-06T21:42:07+00:00\",\"dateModified\":\"2020-08-06T04:35:57+00:00\",\"breadcrumb\":{\"@id\":\"https:\\\/\\\/www.jesuits.org\\\/es\\\/acerca-de-nosotros\\\/historia\\\/#breadcrumb\"},\"inLanguage\":\"es\",\"potentialAction\":[{\"@type\":\"ReadAction\",\"target\":[\"https:\\\/\\\/www.jesuits.org\\\/es\\\/acerca-de-nosotros\\\/historia\\\/\"]}]},{\"@type\":\"BreadcrumbList\",\"@id\":\"https:\\\/\\\/www.jesuits.org\\\/es\\\/acerca-de-nosotros\\\/historia\\\/#breadcrumb\",\"itemListElement\":[{\"@type\":\"ListItem\",\"position\":1,\"name\":\"Home\",\"item\":\"https:\\\/\\\/www.jesuits.org\\\/es\\\/\"},{\"@type\":\"ListItem\",\"position\":2,\"name\":\"Acerca de nosotros\",\"item\":\"https:\\\/\\\/www.jesuits.org\\\/es\\\/acerca-de-nosotros\\\/\"},{\"@type\":\"ListItem\",\"position\":3,\"name\":\"Historia\"}]},{\"@type\":\"WebSite\",\"@id\":\"https:\\\/\\\/www.jesuits.org\\\/es\\\/#website\",\"url\":\"https:\\\/\\\/www.jesuits.org\\\/es\\\/\",\"name\":\"ÃÛÌÒÊÓÆµ.org\",\"description\":\"Welcome to the Society of Jesus in Canada and the United States\",\"potentialAction\":[{\"@type\":\"SearchAction\",\"target\":{\"@type\":\"EntryPoint\",\"urlTemplate\":\"https:\\\/\\\/www.jesuits.org\\\/es\\\/?s={search_term_string}\"},\"query-input\":{\"@type\":\"PropertyValueSpecification\",\"valueRequired\":true,\"valueName\":\"search_term_string\"}}],\"inLanguage\":\"es\"}]}<\/script>\n<!-- \/ Yoast SEO plugin. -->","yoast_head_json":{"title":"Historia - ÃÛÌÒÊÓÆµ.org","robots":{"index":"index","follow":"follow","max-snippet":"max-snippet:-1","max-image-preview":"max-image-preview:large","max-video-preview":"max-video-preview:-1"},"canonical":"https:\/\/www.jesuits.org\/es\/acerca-de-nosotros\/historia\/","og_locale":"es_ES","og_type":"article","og_title":"Historia - ÃÛÌÒÊÓÆµ.org","og_description":"Acerca de nosotros Menos de un siglo despu\u00e9s de la fundaci\u00f3n de nuestra orden religiosa, los jesuitas comenzaron a llegar a las costas de Am\u00e9rica. Los jesuitas franceses exploraron las tierras forestales de Maine y celebraron en 1611 la primera misa conocida en suelo americano, en la boca del r\u00edo Kennebec. Los jesuitas desembarcaron en\u00a0 [&hellip;]","og_url":"https:\/\/www.jesuits.org\/es\/acerca-de-nosotros\/historia\/","og_site_name":"ÃÛÌÒÊÓÆµ.org","article_modified_time":"2020-08-06T04:35:57+00:00","twitter_card":"summary_large_image","twitter_misc":{"Tiempo de lectura":"2 minutos"},"schema":{"@context":"https:\/\/schema.org","@graph":[{"@type":"WebPage","@id":"https:\/\/www.jesuits.org\/es\/acerca-de-nosotros\/historia\/","url":"https:\/\/www.jesuits.org\/es\/acerca-de-nosotros\/historia\/","name":"Historia - ÃÛÌÒÊÓÆµ.org","isPartOf":{"@id":"https:\/\/www.jesuits.org\/es\/#website"},"datePublished":"2019-12-06T21:42:07+00:00","dateModified":"2020-08-06T04:35:57+00:00","breadcrumb":{"@id":"https:\/\/www.jesuits.org\/es\/acerca-de-nosotros\/historia\/#breadcrumb"},"inLanguage":"es","potentialAction":[{"@type":"ReadAction","target":["https:\/\/www.jesuits.org\/es\/acerca-de-nosotros\/historia\/"]}]},{"@type":"BreadcrumbList","@id":"https:\/\/www.jesuits.org\/es\/acerca-de-nosotros\/historia\/#breadcrumb","itemListElement":[{"@type":"ListItem","position":1,"name":"Home","item":"https:\/\/www.jesuits.org\/es\/"},{"@type":"ListItem","position":2,"name":"Acerca de nosotros","item":"https:\/\/www.jesuits.org\/es\/acerca-de-nosotros\/"},{"@type":"ListItem","position":3,"name":"Historia"}]},{"@type":"WebSite","@id":"https:\/\/www.jesuits.org\/es\/#website","url":"https:\/\/www.jesuits.org\/es\/","name":"ÃÛÌÒÊÓÆµ.org","description":"Welcome to the Society of Jesus in Canada and the United States","potentialAction":[{"@type":"SearchAction","target":{"@type":"EntryPoint","urlTemplate":"https:\/\/www.jesuits.org\/es\/?s={search_term_string}"},"query-input":{"@type":"PropertyValueSpecification","valueRequired":true,"valueName":"search_term_string"}}],"inLanguage":"es"}]}},"_links":{"self":[{"href":"https:\/\/www.jesuits.org\/es\/wp-json\/wp\/v2\/pages\/19929","targetHints":{"allow":["GET"]}}],"collection":[{"href":"https:\/\/www.jesuits.org\/es\/wp-json\/wp\/v2\/pages"}],"about":[{"href":"https:\/\/www.jesuits.org\/es\/wp-json\/wp\/v2\/types\/page"}],"author":[{"embeddable":true,"href":"https:\/\/www.jesuits.org\/es\/wp-json\/wp\/v2\/users\/5"}],"replies":[{"embeddable":true,"href":"https:\/\/www.jesuits.org\/es\/wp-json\/wp\/v2\/comments?post=19929"}],"version-history":[{"count":0,"href":"https:\/\/www.jesuits.org\/es\/wp-json\/wp\/v2\/pages\/19929\/revisions"}],"up":[{"embeddable":true,"href":"https:\/\/www.jesuits.org\/es\/wp-json\/wp\/v2\/pages\/19919"}],"wp:attachment":[{"href":"https:\/\/www.jesuits.org\/es\/wp-json\/wp\/v2\/media?parent=19929"}],"curies":[{"name":"wp","href":"https:\/\/api.w.org\/{rel}","templated":true}]}}